{"id":187,"date":"2019-09-06T15:24:21","date_gmt":"2019-09-06T15:24:21","guid":{"rendered":"https:\/\/www.resineo.com\/guides\/?page_id=187"},"modified":"2026-03-31T16:00:55","modified_gmt":"2026-03-31T16:00:55","slug":"choisir-revetement","status":"publish","type":"page","link":"https:\/\/www.resineo.com\/guides\/revetement-resine\/allee-carrossable\/choisir-revetement\/","title":{"rendered":"Pourquoi choisir un rev\u00eatement \u00e0 base de r\u00e9sine pour une all\u00e9e carrossable ?"},"content":{"rendered":"\n<p>Connaissez-vous la r\u00e9sine de marbre ou la r\u00e9sine de quartz&nbsp;? Savez-vous que ces rev\u00eatements de sol sont des rev\u00eatements durables et r\u00e9sistants ?&nbsp;<\/p>\n\n\n\n<p>Compos\u00e9s d\u2019un granulat min\u00e9ral agglom\u00e9r\u00e9 et stabilis\u00e9 \u00e0 l\u2019aide de r\u00e9sine polyur\u00e9thane, ils permettent d\u2019\u00e9quiper une voie carrossable, aussi bien qu\u2019une terrasse ou un tour de piscine.&nbsp;<\/p>\n\n\n\n<p>Alliant durabilit\u00e9 et perm\u00e9abilit\u00e9, ce produit permet l\u2019am\u00e9nagement d\u2019espaces vari\u00e9s, de fa\u00e7on bien plus naturelle et originelle que ce que ne le permet le b\u00e9ton ou l&rsquo;enrob\u00e9.&nbsp;<\/p>\n\n\n\n<p>Quel est l\u2019int\u00e9r\u00eat d\u2019\u00e9quiper une surface <a href=\"https:\/\/www.resineo.com\/guides\/revetement-resine\/allee-carrossable\/\">carrossable<\/a> de ce type de rev\u00eatement&nbsp;? Ce produit est-il adapt\u00e9 \u00e0 tous types de configuration&nbsp;?<\/p>\n\n\n\n<figure class=\"wp-block-image\"><img decoding=\"async\" src=\"https:\/\/www.resineo.com\/guides\/wp-content\/uploads\/sites\/2\/2019\/10\/revetement-granulat-allee-resine.jpg\" alt=\"Revetement Granulat Allee Resine\"\/><\/figure>\n\n\n\n<h2 class=\"wp-block-heading\">En quoi ce mat\u00e9riau est-il plus int\u00e9ressant que du b\u00e9ton ou du bitume pour \u00e9quiper une all\u00e9e carrossable&nbsp;?<\/h2>\n\n\n\n<p>En premier lieu, il faut s\u2019int\u00e9resser \u00e0 la structure m\u00eame du mat\u00e9riau pour en saisir l\u2019int\u00e9r\u00eat.<\/p>\n\n\n\n<p>Le granulat min\u00e9ral qui le compose et sa surface drainante lui conf\u00e8rent une surface s\u00e8che qui convient parfaitement pour couvrir une surface amen\u00e9e \u00e0 supporter le passage de v\u00e9hicules. La granulom\u00e9trie des granulats de quartz ou de marbre donnent une esth\u00e9tique soign\u00e9e \u00e0 la surface \u00e9quip\u00e9e.&nbsp;<\/p>\n\n\n\n<p>Ce point a pour effet de rendre le rev\u00eatement perm\u00e9able, permettant ainsi aux eaux de pluie de s\u2019\u00e9couler naturellement sans ruisseler, ni stagner.&nbsp; Quelles que soient les conditions climatiques, cette \u00ab&nbsp;moquette de pierre&nbsp;\u00bb est \u00e0 m\u00eame de laisser s\u2019\u00e9couler jusqu\u2019\u00e0 50L d\u2019eau par m\u00b2 et par seconde.<\/p>\n\n\n\n<p>Au-del\u00e0 de ses propri\u00e9t\u00e9s techniques, il faut souligner son aspect esth\u00e9tique. En effet, en comparaison d\u2019une surface recouverte d\u2019enrob\u00e9 ou de b\u00e9ton d\u00e9sactiv\u00e9, la r\u00e9sine de pierre conf\u00e8re une touche esth\u00e9tique ind\u00e9niable \u00e0 l\u2019espace et \u00e0 la surface qu\u2019elle \u00e9quipe. Ainsi, pour \u00e9quiper l\u2019all\u00e9e d\u2019un jardin ou d\u2019une maison, on ne se contente pas de couvrir le sol, on peut \u00e9galement am\u00e9liorer l\u2019homog\u00e9n\u00e9it\u00e9 visuelle de l\u2019ensemble. Compte tenu de la vari\u00e9t\u00e9 de couleurs disponibles pour composer ce rev\u00eatement, il est possible de jouer avec les teintes pour les accorder entre elles.<\/p>\n\n\n\n<figure class=\"wp-block-image\"><img decoding=\"async\" src=\"https:\/\/www.resineo.com\/guides\/wp-content\/uploads\/sites\/2\/2019\/10\/revetement-resine-sol-parc.jpg\" alt=\"Revetement Resine Sol Parc\"\/><\/figure>\n\n\n\n<h2 class=\"wp-block-heading\">Sur quel type de support peut-on poser un sol en r\u00e9sine de pierre&nbsp;?<\/h2>\n\n\n\n<p>L\u00e0 encore, un point remarquable de ce mat\u00e9riau, c\u2019est la vari\u00e9t\u00e9 de supports sur lesquels il peut \u00eatre appliqu\u00e9&nbsp;:&nbsp;<\/p>\n\n\n\n<ul class=\"wp-block-list\">\n<li>Graviers non trait\u00e9s (GNT).<\/li>\n\n\n\n<li>Carrelage (d\u00e9conseill\u00e9 en carrossable).\u00a0<\/li>\n\n\n\n<li>Dalle de b\u00e9ton.<\/li>\n\n\n\n<li>Pierre naturelle.<\/li>\n<\/ul>\n\n\n\n<p>Il faudra s&rsquo;assurer de la stabilit\u00e9 de la couche qui va supporter l\u2019habillage de r\u00e9sine, une pr\u00e9paration de support sera ensuite n\u00e9cessaire afin de garantir la durabilit\u00e9 de l&rsquo;ensemble.&nbsp;<\/p>\n\n\n\n<p>En effet, une sous-couche d\u2019accrochage, en r\u00e9sine, est n\u00e9cessaire pour s\u2019assurer de la stabilit\u00e9 du rev\u00eatement.<\/p>\n\n\n\n<p>Dans le cas d\u2019une all\u00e9e de jardin en <a href=\"https:\/\/www.resineo.com\/guides\/revetement-resine\/allee-carrossable\/gravier\/\">gravier<\/a> par exemple, il faudra tasser le terrain au pr\u00e9alable pour s\u2019assurer de sa stabilit\u00e9 et sa compacit\u00e9, c&rsquo;est en fait la cr\u00e9ation d&rsquo;une GNT. Il est n\u00e9cessaire d\u2019\u00e9viter les fissures et les imperfections pour que la pose soit durable.<\/p>\n\n\n\n<p>Il en va de m\u00eame pour l\u2019habillage d\u2019une dalle en b\u00e9ton. Il est probable qu\u2019un ragr\u00e9age soit n\u00e9cessaire pour r\u00e9parer les \u00e9ventuelles fissures et garantir que la dalle soit bien stable et bien homog\u00e8ne. Apr\u00e8s avoir appliqu\u00e9 la couche de r\u00e9sine d\u2019accrochage, on pourra alors passer \u00e0 la pose du rev\u00eatement final.<\/p>\n\n\n\n<p><b>A noter<\/b>&nbsp;: <i>La r\u00e9alisation des travaux doit \u00eatre effectu\u00e9e par un professionnel habilit\u00e9 \u00e0 ce type de chantier. Il est important de parfaitement ma\u00eetriser chaque \u00e9tape de l\u2019avancement des travaux de pose pour que le rev\u00eatement dure dans le temps et offre les propri\u00e9t\u00e9s pour lesquelles il est appr\u00e9ci\u00e9.<\/i><\/p>\n\n\n\n<p>L\u2019\u00e9paisseur du mat\u00e9riau sera ensuite adapt\u00e9e \u00e0 l\u2019usage que la fonction qu\u2019il devra tenir&nbsp;:&nbsp;<\/p>\n\n\n\n<ul class=\"wp-block-list\">\n<li>Pour une all\u00e9e carrossable destin\u00e9e au passage de v\u00e9hicules l\u00e9gers, on appliquera une couche d\u2019environ 15 mm de r\u00e9sine et de granulat sur dalle b\u00e9ton et 30 mm sur GNT<\/li>\n\n\n\n<li>Pour une all\u00e9e carrossable destin\u00e9e \u00e0 des v\u00e9hicules plus lourds, 30mm seront pos\u00e9s.<\/li>\n<\/ul>\n\n\n\n<p>Bien \u00e9videmment, l\u00e0 encore, le support sur lequel l\u2019ensemble sera appliqu\u00e9 devra lui aussi \u00eatre adapt\u00e9 \u00e0 ces contraintes. L\u2019\u00e9paisseur de b\u00e9ton pour une all\u00e9e carrossable poids lourds devra \u00eatre plus cons\u00e9quente que pour des VL.<\/p>\n\n\n\n<p><b>A noter<\/b>&nbsp;: <i>Pour l\u2019am\u00e9nagement d\u2019une terrasse ou d\u2019un tour de piscine, une surface que seuls des pi\u00e9tons vont emprunter, une \u00e9paisseur de 30mm de r\u00e9sine de marbre ou de quartz sera suffisante, sur carrelage, dalle de b\u00e9ton, pierres naturelles ou gravier (GNT).<\/i><\/p>\n\n\n\n<figure class=\"wp-block-image\"><img decoding=\"async\" src=\"https:\/\/www.resineo.com\/guides\/wp-content\/uploads\/sites\/2\/2019\/10\/revetement-sol-ext\u00e9rieur-resineo-drain-allee.jpg\" alt=\"Revetement Sol Ext\u00e9rieur Resineo Drain Allee\"\/><\/figure>\n\n\n\n<h2 class=\"wp-block-heading\">La facilit\u00e9 d\u2019entretien de ce type de sol est \u00e9galement un atout<\/h2>\n\n\n\n<p>Au quotidien, un balai et un jet d\u2019eau suffisent pour \u00e9liminer toute salissure. L\u2019effet drainant de cet habillage limite la formation d\u2019aur\u00e9oles dues \u00e0 la stagnation d\u2019eau ou \u00e0 l\u2019apparition de mousses v\u00e9g\u00e9tales. Un entretien saisonnier permet d\u2019\u00e9viter tout ternissement, en ravivant la couleur du sol.<\/p>\n\n\n\n<p>Des pav\u00e9s en pierre ou des dalles de carrelage demandent un entretien nettement plus r\u00e9gulier. Dans un cas il faut d\u00e9barrasser les pav\u00e9s des mousses v\u00e9g\u00e9tales, et d\u00e9sherber entre les joints, quand il faut laver fr\u00e9quemment le carrelage pour s\u2019assurer de sa propret\u00e9.<\/p>\n\n\n\n<p>De plus, la r\u00e9sine utilis\u00e9e pour agglom\u00e9rer le granulat repr\u00e9sente une protection contre les UV. Ainsi, la couleur de l\u2019habillage ne se ternit pas au fil du temps, m\u00eame en cas d\u2019exposition permanente au soleil.<\/p>\n\n\n\n<p>Pour une all\u00e9e carrossable fr\u00e9quent\u00e9e par des v\u00e9hicules motoris\u00e9s, le rev\u00eatement restera propre et stable, malgr\u00e9 des passages fr\u00e9quents. L\u00e0 encore, les propri\u00e9t\u00e9s de l\u2019ensemble favorise le confort des usagers.<\/p>\n\n\n\n<p>Pour l\u2019am\u00e9nagement des abords d\u2019une maison, ou d\u2019un espace public, la r\u00e9sine de sol est un mat\u00e9riau qui r\u00e9unit de nombreux avantages, tant esth\u00e9tiques, que techniques. D\u2019ailleurs, si les campings s\u2019\u00e9quipent peu \u00e0 peu de ce type de rev\u00eatement, c\u2019est justement pour tous les avantages \u00e9num\u00e9r\u00e9s en amont. La facilit\u00e9 d\u2019entretien, l\u2019anti-glissance, et le drainage sont autant de qualit\u00e9 qui en font un mat\u00e9riau id\u00e9al pour l\u2019am\u00e9nagement d\u2019endroits aussi fr\u00e9quent\u00e9s par des v\u00e9hicules de tous types que les campings.&nbsp;<\/p>\n\n\n\n<p>L\u00e0 o\u00f9 on trouvait des all\u00e9es d\u2019enrob\u00e9 qu\u2019il \u00e9tait n\u00e9cessaire de reprendre r\u00e9guli\u00e8rement, on pr\u00e9f\u00e8re poser de la r\u00e9sine de quartz ou de marbre, bien plus stable et perm\u00e9able.<\/p>\n\n\n\n<p>Pour qui souhaite r\u00e9nover son all\u00e9e de garage, ou toute surface carrossable, la r\u00e9sine de sol est une solution tr\u00e8s pratique. De plus, en termes de travaux, selon l\u2019\u00e9quipe et les moyens d\u00e9ploy\u00e9s, l\u2019avancement peut \u00eatre tr\u00e8s rapide. Une \u00e9quipe rompue \u00e0 l\u2019exercice peut couvrir plusieurs centaines de m\u00b2 par jour, \u00e0 condition que le support soit pr\u00e9par\u00e9 au pr\u00e9alable.<\/p>\n\n\n\n<p>Si vous envisagez des travaux d\u2019am\u00e9nagement de votre all\u00e9e carrossable, vous devriez consid\u00e9rer la r\u00e9sine de marbre ou de quartz. D\u2019une part vous serez s\u00fbr d\u2019\u00eatre \u00e9quip\u00e9 durablement, d\u2019autre part vous aurez la garantie d\u2019avoir le choix d\u2019un mat\u00e9riau aussi performant qu\u2019\u00e9cologique.<\/p>\n\n\n\n<ul class=\"wp-block-list\">\n<li><a href=\"https:\/\/www.resineo.com\/guides\/revetement-resine\/allee-carrossable\/equiper\/\">Pourquoi choisir un rev\u00eatement de sol \u00e0 base de r\u00e9sine pour \u00e9quiper une all\u00e9e carrossable ?<\/a><\/li>\n\n\n\n<li><a href=\"https:\/\/www.resineo.com\/guides\/revetement-resine\/allee-carrossable\/travaux\/\">Quels travaux pr\u00e9voir pour le rev\u00eatement d&rsquo;une all\u00e9e carrossable ?<\/a><\/li>\n\n\n\n<li><a href=\"https:\/\/www.resineo.com\/guides\/revetement-resine\/allee-carrossable\/comment-choisir\/\">Comment s&rsquo;assurer de choisir un rev\u00eatement drainant pour son all\u00e9e carrossable ?<\/a><\/li>\n<\/ul>\n","protected":false},"excerpt":{"rendered":"<p>Connaissez-vous la r\u00e9sine de marbre ou la r\u00e9sine de quartz&nbsp;? Savez-vous que ces rev\u00eatements de sol sont des rev\u00eatements durables et r\u00e9sistants ?&nbsp; Compos\u00e9s d\u2019un granulat min\u00e9ral agglom\u00e9r\u00e9 et stabilis\u00e9 \u00e0 l\u2019aide de r\u00e9sine polyur\u00e9thane, ils permettent d\u2019\u00e9quiper une voie carrossable, aussi bien qu\u2019une terrasse ou un tour de piscine.&nbsp; Alliant durabilit\u00e9 et perm\u00e9abilit\u00e9, ce [&hellip;]<\/p>\n","protected":false},"author":1,"featured_media":0,"parent":164,"menu_order":0,"comment_status":"closed","ping_status":"closed","template":"","meta":{"_acf_changed":false,"_seopress_robots_primary_cat":"","_seopress_titles_title":"","_seopress_titles_desc":"","_seopress_robots_index":"","_uag_custom_page_level_css":"","footnotes":""},"class_list":["post-187","page","type-page","status-publish","hentry","entry"],"acf":[],"uagb_featured_image_src":{"full":false,"thumbnail":false,"medium":false,"medium_large":false,"large":false,"1536x1536":false,"2048x2048":false,"ocean-thumb-m":false,"ocean-thumb-ml":false,"ocean-thumb-l":false},"uagb_author_info":{"display_name":"admin","author_link":"https:\/\/www.resineo.com\/guides\/author\/agoralys\/"},"uagb_comment_info":0,"uagb_excerpt":"Connaissez-vous la r\u00e9sine de marbre ou la r\u00e9sine de quartz&nbsp;? Savez-vous que ces rev\u00eatements de sol sont des rev\u00eatements durables et r\u00e9sistants ?&nbsp; Compos\u00e9s d\u2019un granulat min\u00e9ral agglom\u00e9r\u00e9 et stabilis\u00e9 \u00e0 l\u2019aide de r\u00e9sine polyur\u00e9thane, ils permettent d\u2019\u00e9quiper une voie carrossable, aussi bien qu\u2019une terrasse ou un tour de piscine.&nbsp; Alliant durabilit\u00e9 et perm\u00e9abilit\u00e9, ce\u2026","_links":{"self":[{"href":"https:\/\/www.resineo.com\/guides\/wp-json\/wp\/v2\/pages\/187","targetHints":{"allow":["GET"]}}],"collection":[{"href":"https:\/\/www.resineo.com\/guides\/wp-json\/wp\/v2\/pages"}],"about":[{"href":"https:\/\/www.resineo.com\/guides\/wp-json\/wp\/v2\/types\/page"}],"author":[{"embeddable":true,"href":"https:\/\/www.resineo.com\/guides\/wp-json\/wp\/v2\/users\/1"}],"replies":[{"embeddable":true,"href":"https:\/\/www.resineo.com\/guides\/wp-json\/wp\/v2\/comments?post=187"}],"version-history":[{"count":2,"href":"https:\/\/www.resineo.com\/guides\/wp-json\/wp\/v2\/pages\/187\/revisions"}],"predecessor-version":[{"id":4131,"href":"https:\/\/www.resineo.com\/guides\/wp-json\/wp\/v2\/pages\/187\/revisions\/4131"}],"up":[{"embeddable":true,"href":"https:\/\/www.resineo.com\/guides\/wp-json\/wp\/v2\/pages\/164"}],"wp:attachment":[{"href":"https:\/\/www.resineo.com\/guides\/wp-json\/wp\/v2\/media?parent=187"}],"curies":[{"name":"wp","href":"https:\/\/api.w.org\/{rel}","templated":true}]}}