{"id":181,"date":"2019-09-06T15:19:10","date_gmt":"2019-09-06T15:19:10","guid":{"rendered":"https:\/\/www.resineo.com\/guides\/?page_id=181"},"modified":"2026-03-31T16:03:40","modified_gmt":"2026-03-31T16:03:40","slug":"gravier","status":"publish","type":"page","link":"https:\/\/www.resineo.com\/guides\/revetement-resine\/allee-carrossable\/gravier\/","title":{"rendered":"Le gravier r\u00e9sine carrossable : son int\u00e9r\u00eat et ses particularit\u00e9s"},"content":{"rendered":"\n<p>Commun\u00e9ment appel\u00e9 gravier, le min\u00e9ral utilis\u00e9 pour r\u00e9aliser ce type de rev\u00eatement de sol est en r\u00e9alit\u00e9 un granulat de marbre ou de quartz.<\/p>\n\n\n\n<p>Tr\u00e8s r\u00e9sistant, tant aux intemp\u00e9ries qu\u2019aux contraintes m\u00e9caniques (passages r\u00e9p\u00e9t\u00e9s de v\u00e9hicules), il est drainant. En effet, \u00e0 l\u2019inverse d\u2019autres mat\u00e9riaux qui entra\u00eenent l\u2019accumulation et l\u2019\u00e9coulement d\u2019eau de pluie, cr\u00e9ant des flaques d&rsquo;eau et favorisant l&rsquo;aquaplaning, la r\u00e9sine de marbre ou de quartz allie s\u00e9curit\u00e9 et esth\u00e9tique.<\/p>\n\n\n\n<p>Aussi adapt\u00e9 pour \u00e9quiper une terrasse qu\u2019un tour de piscine ou une <a href=\"https:\/\/www.resineo.com\/guides\/revetement-resine\/allee-carrossable\/\">all\u00e9e carrossable<\/a>, passons en revue les avantages de ce produit qui gagne \u00e0 \u00eatre connu pour bon nombre d\u2019am\u00e9nagements.<\/p>\n\n\n\n<figure class=\"wp-block-image\"><img decoding=\"async\" src=\"https:\/\/www.resineo.com\/guides\/wp-content\/uploads\/sites\/2\/2019\/10\/revetement-granulat-r\u00e9sineo.jpg\" alt=\"Revetement Granulat R\u00e9sineo\"\/><\/figure>\n\n\n\n<p><strong>Vous avez un projet d&rsquo;all\u00e9e carrossable ?<\/strong><\/p>\n\n\n\n<p>Fa\u00eetes le choix d&rsquo;un fabricant fran\u00e7ais.<\/p>\n\n\n\n<p><a role=\"button\" href=\"#\"><br>Contactez-nous<br><\/a><\/p>\n\n\n\n<h2 class=\"wp-block-heading\">Le granulat de marbre ou de quartz permet de ne plus choisir entre pouvoir drainant et esth\u00e9tique<\/h2>\n\n\n\n<p>Une caract\u00e9ristique importante de ce mat\u00e9riau est la palette de coloris disponibles. Selon le type de min\u00e9ral qui sera retenu, il va \u00eatre possible d\u2019en choisir la couleur. Dans le cas d\u2019une maison ou d\u2019une place urbaine par exemple, il sera tout \u00e0 fait possible de choisir une couleur en accord avec l\u2019esth\u00e9tique des constructions environnantes. De plus, les diff\u00e9rents granulats utilis\u00e9s sont choisis et class\u00e9s par couleur et par granulom\u00e9trie. Il est ainsi possible d\u2019adapter la couleur du rev\u00eatement final \u00e0 l\u2019environnement dans lequel il sera pos\u00e9. Les coloris seront adapt\u00e9s \u00e0 l&rsquo;usage que nous souhaitons en faire : des coloris fonc\u00e9 pour des all\u00e9es carrossables et des coloris clairs pour des plages de piscine.&nbsp;<\/p>\n\n\n\n<p>Pour ce qui est du pouvoir drainant, l\u00e0 encore, quel que soit le min\u00e9ral retenu, le rev\u00eatement sera \u00e0 m\u00eame de laisser passer l\u2019eau de pluie, sans jamais provoquer d\u2019accumulation. D\u2019ailleurs, c\u2019est cette propri\u00e9t\u00e9 drainante qui en fait \u00e9galement une option parfaite pour \u00e9quiper une plage de piscine.<\/p>\n\n\n\n<h3 class=\"wp-block-heading\">Quelle importance a la granulom\u00e9trie de ce mat\u00e9riau&nbsp;?<\/h3>\n\n\n\n<p>C\u2019est pr\u00e9cis\u00e9ment la granulom\u00e9trie qui permet de conserver des interstices entre les particules de min\u00e9raux qui forment cet agglom\u00e9rat, qui leur permettent d\u2019\u00eatre aussi drainants. L\u2019eau s\u2019\u00e9coule naturellement au travers, rejoignant ensuite le sol de fa\u00e7on naturelle.<\/p>\n\n\n\n<p>Ce point s\u2019av\u00e8re important, tant d\u2019un point de vue technique, que m\u00e9canique et \u00e9cologique. D\u2019une part, le fait que ce mat\u00e9riau ne soit pas imperm\u00e9able permet d\u2019\u00e9viter l\u2019accumulation d\u2019eau en surface. Son pouvoir drainant permet d\u2019\u00e9vacuer jusqu\u2019\u00e0 50 litres d\u2019eau par seconde et par m\u00b2. Au-del\u00e0 du fait que l\u2019eau ne stagne pas, elle ne ruisselle pas non-plus. Concr\u00e8tement, au lieu de rejoindre des \u00e9vacuations qui se jetteront ensuite dans les \u00e9gouts, l\u2019eau est directement restitu\u00e9e au sol. De plus, la r\u00e9sine utilis\u00e9e est inerte. Elle n\u2019alt\u00e8re pas l\u2019eau qui transite au travers de l\u2019agglom\u00e9rat.<\/p>\n\n\n\n<p>En clair, on \u00e9vite l\u2019accumulation d\u2019eau en la restituant directement aux sols. La granulom\u00e9trie de ce produit est donc de premi\u00e8re importance pour en assurer toutes les qualit\u00e9s.<\/p>\n\n\n\n<figure class=\"wp-block-image\"><img decoding=\"async\" src=\"https:\/\/www.resineo.com\/guides\/wp-content\/uploads\/sites\/2\/2019\/10\/revetement-antiderapant-sol-acces.jpg\" alt=\"Revetement Antiderapant Sol Acces\"\/><\/figure>\n\n\n\n<h2 class=\"wp-block-heading\">Quelle \u00e9paisseur de granulat faut-il installer pour \u00e9quiper une voie carrossable&nbsp;?<\/h2>\n\n\n\n<p>En fonction du type de v\u00e9hicule qui l\u2019empruntera, et en fonction du mat\u00e9riau sur lequel il sera appliqu\u00e9, plusieurs configurations sont possibles&nbsp;:<\/p>\n\n\n\n<ul class=\"wp-block-list\">\n<li>Voie carrossable pour v\u00e9hicule l\u00e9ger (voiture et \u2013 3,5 T)\u00a0: Sur une dalle de b\u00e9ton de 15 cm, 15 mm de granulat de marbre ou de quartz seront pos\u00e9s. Pour ce qui est de le poser sur du gravier (GNT), il faudra que la couche de base soit stable et d\u2019au moins 10 \u00e0 12 cm, pour accueillir une \u00e9paisseur de 3 cm de granulat drainant.\u00a0<\/li>\n\n\n\n<li>Voie carrossable accueillant des v\u00e9hicules pesant jusqu\u2019\u00e0 19 T\u00a0: Sur une dalle de b\u00e9ton \u00e9paisse, 3 cm d\u2019agglom\u00e9rat de r\u00e9sine et de min\u00e9ral suffiront \u00e0 garantir une r\u00e9sistance suffisante, tout en assurant un parfait drainage. Pour une pose sur graviers (GNT) de grande \u00e9paisseur, l\u00e0 encore, 3 cm de r\u00e9sine et de granulat assureront l\u2019adh\u00e9rence ad\u00e9quate, sans craindre de d\u00e9gradation au fil des passages.<\/li>\n<\/ul>\n\n\n\n<p>Dans chacune de ces configurations, il est primordial que la sous-couche soit stabilis\u00e9e, ainsi que pr\u00e9par\u00e9e. Toute la surface devra d\u2019abord \u00eatre enduite de r\u00e9sine (primaire d\u2019accrochage) pour garantir que l\u2019agglom\u00e9rat qui sera pos\u00e9 dessus tiendra dans le temps, sur dalle b\u00e9ton.&nbsp;<\/p>\n\n\n\n<p><b>A noter<\/b>&nbsp;: <i>Il est recommand\u00e9 que les travaux de pose soient r\u00e9alis\u00e9s par des professionnels habilit\u00e9s et agr\u00e9\u00e9s au maniement de ce produit. D\u2019une part, cela garantira qu\u2019ils agissent conform\u00e9ment aux normes en vigueur, d\u2019autre part, la pose sera faite de fa\u00e7on \u00e0 parfaitement r\u00e9sister dans le temps.<\/i><\/p>\n\n\n\n<h2 class=\"wp-block-heading\">La facilit\u00e9 d\u2019entretien de ce mat\u00e9riau<\/h2>\n\n\n\n<p>Parmi les atouts de ce produit, sa facilit\u00e9 d\u2019entretien est int\u00e9ressante. Contrairement \u00e0 d\u2019autres mat\u00e9riaux difficiles d\u2019entretien, son aspect originel est facile \u00e0 conserver.<\/p>\n\n\n\n<p>Quand il faut d\u00e9sherber p\u00e9riodiquement une surface en gravier, ou les joints entre des pav\u00e9s autobloquants, il suffit d\u2019un nettoyage \u00e0 l\u2019eau et balais brosse pour que la r\u00e9sine de pierre reste propre. Un passage \u00e0 l\u2019aide de brosses rotatives ou d\u2019un jet haute pression permet de raviver les couleurs.<\/p>\n\n\n\n<ul class=\"wp-block-list\">\n<li>Pour les particuliers, leur all\u00e9e de jardin ou leur chemin vers le garage restera propre en ne se chargeant de le nettoyer que 2 fois par an.\u00a0<\/li>\n\n\n\n<li>Pour les municipalit\u00e9s ou les campings par exemple, qui d\u00e9cideront de s\u2019\u00e9quiper de la sorte, il suffira d\u2019un nettoyage saisonnier avec un produit d&rsquo;entretien d\u00e9di\u00e9, quelle que soit la fr\u00e9quentation des lieux, pour s\u2019assurer de conserver l\u2019\u00e9clat du rev\u00eatement.<\/li>\n<\/ul>\n\n\n\n<p><b>A noter<\/b>&nbsp;: <i>une voie cyclable se doit d\u2019\u00eatre parfaitement visible, tant pour les automobilistes, que pour les cyclistes. Il est donc int\u00e9ressant d\u2019\u00e9quiper une piste d\u2019un granulat facilement visible en jouant sur un granulat de couleur diff\u00e9rente que la chauss\u00e9e par exemple. La s\u00e9curit\u00e9 des usagers est ainsi parfaitement respect\u00e9e.<\/i><\/p>\n\n\n\n<p>Au-del\u00e0 des all\u00e9es carrossables, les municipalit\u00e9s et les lieux accueillant du public sont des emplacements o\u00f9 l\u2019esth\u00e9tique et le confort des utilisateurs sont deux facteurs importants. De ce fait, un rev\u00eatement de sol en r\u00e9sine de pierre est un \u00e9quipement qui correspond \u00e0 ces pr\u00e9occupations. C\u2019est un mat\u00e9riau durable et facile \u00e0 entretenir, tout en garantissant un confort maximal m\u00eame par pluie intense.&nbsp;<\/p>\n\n\n\n<figure class=\"wp-block-image\"><img decoding=\"async\" src=\"https:\/\/www.resineo.com\/guides\/wp-content\/uploads\/sites\/2\/2019\/10\/revetement-sol-resine-r\u00e9novation.jpg\" alt=\"Revetement Sol Resine R\u00e9novation\"\/><\/figure>\n\n\n\n<h2 class=\"wp-block-heading\">Pour des voies carrossables priv\u00e9es ou publiques, les r\u00e9sines de pierre sont des rev\u00eatements de sol fiables et durables<\/h2>\n\n\n\n<p>Si la pose est correctement ex\u00e9cut\u00e9e et que les mat\u00e9riaux sont correctement s\u00e9lectionn\u00e9s, une r\u00e9sine de pierre est pr\u00e9vue pour r\u00e9sister au passage temps.<\/p>\n\n\n\n<p>R\u00e9sistante aux UV, au gel et aux averses (m\u00eame intenses) elle permet de s\u2019assurer de garder une voie carrossable praticable. En \u00e9t\u00e9, un v\u00e9hicule ne risquera pas de perte d\u2019adh\u00e9rence, contrairement \u00e0 un enrob\u00e9 de bitume par exemple, qui lui, supportera mal les fortes chaleurs et cr\u00e9era potentiellement des orni\u00e8res.&nbsp;<\/p>\n\n\n\n<p>Pour assurer la s\u00e9curit\u00e9 des usagers, quelle que soit la fr\u00e9quentation de l\u2019espace \u00e9quip\u00e9, la r\u00e9sine de pierre est donc un mat\u00e9riau id\u00e9al pour l\u2019\u00e9quipement d\u2019une all\u00e9e ou d\u2019une voie carrossable. Ce rev\u00eatement de sol ext\u00e9rieur en pierre naturelle, perm\u00e9able, reste facile d\u2019entretien au fil du temps, en conservant son aspect d\u00e9coratif. Autant d\u2019atouts qui en font un produit id\u00e9al pour des \u00e9quipements tenus de durer.<\/p>\n\n\n\n<ul class=\"wp-block-list\">\n<li><a href=\"https:\/\/www.resineo.com\/guides\/revetement-resine\/allee-carrossable\/comment-choisir\/\">Comment s&rsquo;assurer de choisir un rev\u00eatement drainant pour son all\u00e9e carrossable ?<\/a><\/li>\n\n\n\n<li><a href=\"https:\/\/www.resineo.com\/guides\/revetement-resine\/allee-carrossable\/travaux\/\">Quels travaux pr\u00e9voir pour le rev\u00eatement d&rsquo;une all\u00e9e carrossable ?<\/a><\/li>\n\n\n\n<li><a href=\"https:\/\/www.resineo.com\/guides\/revetement-resine\/allee-carrossable\/choisir-revetement\/\">Pourquoi choisir un rev\u00eatement \u00e0 base de r\u00e9sine pour une all\u00e9e carrossable ?<\/a><\/li>\n<\/ul>\n","protected":false},"excerpt":{"rendered":"<p>Commun\u00e9ment appel\u00e9 gravier, le min\u00e9ral utilis\u00e9 pour r\u00e9aliser ce type de rev\u00eatement de sol est en r\u00e9alit\u00e9 un granulat de marbre ou de quartz. Tr\u00e8s r\u00e9sistant, tant aux intemp\u00e9ries qu\u2019aux contraintes m\u00e9caniques (passages r\u00e9p\u00e9t\u00e9s de v\u00e9hicules), il est drainant. En effet, \u00e0 l\u2019inverse d\u2019autres mat\u00e9riaux qui entra\u00eenent l\u2019accumulation et l\u2019\u00e9coulement d\u2019eau de pluie, cr\u00e9ant des [&hellip;]<\/p>\n","protected":false},"author":1,"featured_media":3203,"parent":164,"menu_order":0,"comment_status":"closed","ping_status":"closed","template":"","meta":{"_acf_changed":false,"_seopress_robots_primary_cat":"","_seopress_titles_title":"","_seopress_titles_desc":"","_seopress_robots_index":"","_uag_custom_page_level_css":"","footnotes":""},"class_list":["post-181","page","type-page","status-publish","has-post-thumbnail","hentry","entry","has-media"],"acf":[],"uagb_featured_image_src":{"full":["https:\/\/www.resineo.com\/guides\/wp-content\/uploads\/sites\/2\/2022\/04\/credit-photo-Art-Deco-Habitat-moquette-de-pierre-version-marbre-perle.png",1018,879,false],"thumbnail":["https:\/\/www.resineo.com\/guides\/wp-content\/uploads\/sites\/2\/2022\/04\/credit-photo-Art-Deco-Habitat-moquette-de-pierre-version-marbre-perle-150x150.png",150,150,true],"medium":["https:\/\/www.resineo.com\/guides\/wp-content\/uploads\/sites\/2\/2022\/04\/credit-photo-Art-Deco-Habitat-moquette-de-pierre-version-marbre-perle-300x259.png",300,259,true],"medium_large":["https:\/\/www.resineo.com\/guides\/wp-content\/uploads\/sites\/2\/2022\/04\/credit-photo-Art-Deco-Habitat-moquette-de-pierre-version-marbre-perle-768x663.png",768,663,true],"large":["https:\/\/www.resineo.com\/guides\/wp-content\/uploads\/sites\/2\/2022\/04\/credit-photo-Art-Deco-Habitat-moquette-de-pierre-version-marbre-perle.png",1018,879,false],"1536x1536":["https:\/\/www.resineo.com\/guides\/wp-content\/uploads\/sites\/2\/2022\/04\/credit-photo-Art-Deco-Habitat-moquette-de-pierre-version-marbre-perle.png",1018,879,false],"2048x2048":["https:\/\/www.resineo.com\/guides\/wp-content\/uploads\/sites\/2\/2022\/04\/credit-photo-Art-Deco-Habitat-moquette-de-pierre-version-marbre-perle.png",1018,879,false],"ocean-thumb-m":["https:\/\/www.resineo.com\/guides\/wp-content\/uploads\/sites\/2\/2022\/04\/credit-photo-Art-Deco-Habitat-moquette-de-pierre-version-marbre-perle.png",600,518,false],"ocean-thumb-ml":["https:\/\/www.resineo.com\/guides\/wp-content\/uploads\/sites\/2\/2022\/04\/credit-photo-Art-Deco-Habitat-moquette-de-pierre-version-marbre-perle.png",521,450,false],"ocean-thumb-l":["https:\/\/www.resineo.com\/guides\/wp-content\/uploads\/sites\/2\/2022\/04\/credit-photo-Art-Deco-Habitat-moquette-de-pierre-version-marbre-perle.png",811,700,false]},"uagb_author_info":{"display_name":"admin","author_link":"https:\/\/www.resineo.com\/guides\/author\/agoralys\/"},"uagb_comment_info":0,"uagb_excerpt":"Commun\u00e9ment appel\u00e9 gravier, le min\u00e9ral utilis\u00e9 pour r\u00e9aliser ce type de rev\u00eatement de sol est en r\u00e9alit\u00e9 un granulat de marbre ou de quartz. Tr\u00e8s r\u00e9sistant, tant aux intemp\u00e9ries qu\u2019aux contraintes m\u00e9caniques (passages r\u00e9p\u00e9t\u00e9s de v\u00e9hicules), il est drainant. En effet, \u00e0 l\u2019inverse d\u2019autres mat\u00e9riaux qui entra\u00eenent l\u2019accumulation et l\u2019\u00e9coulement d\u2019eau de pluie, cr\u00e9ant des\u2026","_links":{"self":[{"href":"https:\/\/www.resineo.com\/guides\/wp-json\/wp\/v2\/pages\/181","targetHints":{"allow":["GET"]}}],"collection":[{"href":"https:\/\/www.resineo.com\/guides\/wp-json\/wp\/v2\/pages"}],"about":[{"href":"https:\/\/www.resineo.com\/guides\/wp-json\/wp\/v2\/types\/page"}],"author":[{"embeddable":true,"href":"https:\/\/www.resineo.com\/guides\/wp-json\/wp\/v2\/users\/1"}],"replies":[{"embeddable":true,"href":"https:\/\/www.resineo.com\/guides\/wp-json\/wp\/v2\/comments?post=181"}],"version-history":[{"count":5,"href":"https:\/\/www.resineo.com\/guides\/wp-json\/wp\/v2\/pages\/181\/revisions"}],"predecessor-version":[{"id":4132,"href":"https:\/\/www.resineo.com\/guides\/wp-json\/wp\/v2\/pages\/181\/revisions\/4132"}],"up":[{"embeddable":true,"href":"https:\/\/www.resineo.com\/guides\/wp-json\/wp\/v2\/pages\/164"}],"wp:featuredmedia":[{"embeddable":true,"href":"https:\/\/www.resineo.com\/guides\/wp-json\/wp\/v2\/media\/3203"}],"wp:attachment":[{"href":"https:\/\/www.resineo.com\/guides\/wp-json\/wp\/v2\/media?parent=181"}],"curies":[{"name":"wp","href":"https:\/\/api.w.org\/{rel}","templated":true}]}}