{"id":178,"date":"2019-09-06T15:13:45","date_gmt":"2019-09-06T15:13:45","guid":{"rendered":"https:\/\/www.resineo.com\/guides\/?page_id=178"},"modified":"2026-03-31T16:04:28","modified_gmt":"2026-03-31T16:04:28","slug":"comment-choisir","status":"publish","type":"page","link":"https:\/\/www.resineo.com\/guides\/revetement-resine\/allee-carrossable\/comment-choisir\/","title":{"rendered":"Comment s&rsquo;assurer de choisir un rev\u00eatement drainant pour son all\u00e9e carrossable ?"},"content":{"rendered":"\n<p>Qu\u2019il s\u2019agisse d\u2019une all\u00e9e de garage, d\u2019une all\u00e9e de jardin, ou d\u2019un passage aux abords d\u2019une maison, \u00e0 l\u2019heure d\u2019\u00e9quiper une <a href=\"https:\/\/www.resineo.com\/guides\/revetement-resine\/allee-carrossable\/\">all\u00e9e carrossable<\/a>, il est important de faire le choix du bon mat\u00e9riau.<\/p>\n\n\n\n<p>Ce dernier devra \u00eatre suffisamment r\u00e9sistant pour supporter le poids d\u2019un v\u00e9hicule, ne pas subir de d\u00e9gradation \u00e0 force de passages r\u00e9p\u00e9t\u00e9s, et garantir une adh\u00e9rence en temps de pluie. Il devra donc \u00eatre drainant pour \u00e9viter la stagnation d\u2019eau de pluie, et facile d\u2019entretien pour qu\u2019aucun parasite v\u00e9g\u00e9tal ne vienne s\u2019agripper \u00e0 sa surface.<\/p>\n\n\n\n<p>M\u00eame si on utilise souvent des graviers, des dalles de pierre et de b\u00e9ton pour ce type de configuration, les rev\u00eatements de sol en r\u00e9sine de pierre sont d\u2019excellentes alternatives alliant toutes les qualit\u00e9s requises pour ce type d\u2019utilisation.<\/p>\n\n\n\n<h2 class=\"wp-block-heading\">La r\u00e9sine de pierre&nbsp;: \u00e0 la fois perm\u00e9able et r\u00e9sistante<\/h2>\n\n\n\n<p>La r\u00e9sine de pierre \u00e0 base de granulats de quartz ou de marbre est un des rev\u00eatements adapt\u00e9s pour \u00e9quiper une all\u00e9e carrossable. A condition que la r\u00e9alisation des travaux de pose soit faite correctement, ce produit allie r\u00e9sistance, esth\u00e9tique et pouvoir drainant.<\/p>\n\n\n\n<figure class=\"wp-block-image\"><img decoding=\"async\" src=\"https:\/\/www.resineo.com\/guides\/wp-content\/uploads\/sites\/2\/2019\/10\/revetement-antiderapant-allee.jpg\" alt=\"Revetement Antiderapant Allee\"\/><\/figure>\n\n\n\n<p>Peu importe la superficie des surfaces \u00e0 couvrir, la r\u00e9sine de pierre r\u00e9siste aux al\u00e9as du temps, de la m\u00e9t\u00e9o et des contraintes m\u00e9caniques auxquels elle est expos\u00e9e. Une de ses qualit\u00e9s principales r\u00e9side dans son pouvoir drainant. En fonction de la granulom\u00e9trie du min\u00e9ral utilis\u00e9, ce rev\u00eatement va \u00eatre capable de drainer jusqu\u2019\u00e0 50l d\u2019eau par m\u00b2 et par seconde (dans le cas du rev\u00eatement R\u00e9sineo Drain). Dans ces conditions, aucune flaque n\u2019est \u00e0 m\u00eame de se former en surface tant l\u2019\u00e9vacuation des pr\u00e9cipitations est rapide et efficace.<\/p>\n\n\n\n<p>Contrairement \u00e0 un b\u00e9ton d\u00e9sactiv\u00e9 ou \u00e0 de l\u2019enrob\u00e9 par exemple, qui vont \u00eatre imperm\u00e9ables, le granulat va laisser s\u2019infiltrer l\u2019eau qui rejoindra le sol. Aucun ruissellement en surface n\u2019est \u00e0 craindre, ni aucune d\u00e9formation.<\/p>\n\n\n\n<p>De m\u00eame, quand un sol pav\u00e9 va p\u00e2tir de trop fortes pr\u00e9cipitations, entra\u00eenant parfois la d\u00e9t\u00e9rioration des joints, la r\u00e9sine de quartz ou de marbre va rester stable dans le temps.<\/p>\n\n\n\n<figure class=\"wp-block-image\"><img decoding=\"async\" src=\"https:\/\/www.resineo.com\/guides\/wp-content\/uploads\/sites\/2\/2019\/10\/revetement-granulat-resineo-restaurant.jpg\" alt=\"Revetement Granulat Resineo Restaurant\"\/><\/figure>\n\n\n\n<h2 class=\"wp-block-heading\">Un rev\u00eatement fiable dot\u00e9 d\u2019un aspect esth\u00e9tique \u00e0 souligner<\/h2>\n\n\n\n<p>Pour ne rien g\u00e2cher, la r\u00e9sine de pierre poss\u00e8de un atout que bien d\u2019autres mat\u00e9riaux n\u2019ont pas&nbsp;: elle est esth\u00e9tique.<\/p>\n\n\n\n<p>En effet, en fonction du type de quartz ou de marbre qui sera retenu pour la mise en \u0153uvre du chantier, il sera possible de choisir parmi une palette de coloris qui permettront d\u2019accorder le sol au reste de la maison. D\u2019ailleurs, si ce type de mat\u00e9riau est souvent utilis\u00e9 pour \u00e9quiper une terrasse ou un tour de piscine, ce n\u2019est pas que pour ses propri\u00e9t\u00e9s techniques, c\u2019est \u00e9galement pour son aspect esth\u00e9tique.<\/p>\n\n\n\n<p>Au-del\u00e0 du fait qu\u2019il soit adapt\u00e9 pour diminuer le risque de formation de flaque d&rsquo;eau, ce type de sol est appr\u00e9ci\u00e9 pour l\u2019aspect sophistiqu\u00e9 qu\u2019il conf\u00e8re aux finitions d\u2019une maison ou d\u2019un espace b\u00e2ti. Il est possible de choisir plusieurs teintes pour \u00e9quiper diff\u00e9rentes zones, tout en \u00e9tant s\u00fbr de la qualit\u00e9 du mat\u00e9riau choisi et garder une uniformit\u00e9 de texture sur tout le projet d&rsquo;am\u00e9nagement.&nbsp;<\/p>\n\n\n\n<p>D\u2019ailleurs, il est m\u00eame possible de composer des motifs au sein d\u2019un m\u00eame espace en choisissant diff\u00e9rents granulats, tous d\u2019une couleur diff\u00e9rente. Par ce biais, il devient possible de laisser libre cours \u00e0 son inspiration, en cr\u00e9ant des motifs personnalis\u00e9s.<\/p>\n\n\n\n<figure class=\"wp-block-image\"><img decoding=\"async\" src=\"https:\/\/www.resineo.com\/guides\/wp-content\/uploads\/sites\/2\/2019\/10\/revetement-granulat-particulier.jpg\" alt=\"Revetement Granulat Particulier\"\/><\/figure>\n\n\n\n<h2 class=\"wp-block-heading\">Les caract\u00e9ristiques de ce rev\u00eatement en font un mat\u00e9riau de choix<\/h2>\n\n\n\n<p>Bien plus stable que des graviers retenus par des bordures de bois, bien plus esth\u00e9tique qu\u2019une dalle de b\u00e9ton ou qu&rsquo;un enrob\u00e9, ou encore, plus adapt\u00e9 pour une all\u00e9e carrossable que des pav\u00e9s autobloquants, la r\u00e9sine de pierre est un mat\u00e9riau dont les propri\u00e9t\u00e9s m\u00e9caniques et esth\u00e9tiques sont de plus en plus appr\u00e9ci\u00e9es et reconnues.<\/p>\n\n\n\n<p>Sa perm\u00e9abilit\u00e9, sa robustesse et sa durabilit\u00e9 sont autant de caract\u00e9ristiques tr\u00e8s recherch\u00e9es \u00e0 l\u2019heure d\u2019\u00e9quiper une all\u00e9e carrossable. Le fait de pouvoir emprunter un passage en voiture, quelle que soit sa configuration et quel que soit le temps, en limitant l&rsquo;aquaplaning est un atout consid\u00e9rable.<\/p>\n\n\n\n<p>En revanche, il faut \u00eatre conscient que la r\u00e9alisation des travaux et leur mise en \u0153uvre doit \u00eatre r\u00e9alis\u00e9es par un professionnel agr\u00e9\u00e9, \u00e0 m\u00eame de respecter le cahier des charges relatif \u00e0 ce type de rev\u00eatement. Il devra s\u2019assurer de l\u2019\u00e9tat du sol sur lequel l\u2019\u00e9paisseur de granulat et de r\u00e9sine sera pos\u00e9e, pr\u00e9parer ce support et ajuster ladite \u00e9paisseur. Autant d\u2019op\u00e9rations qui demandent une parfaite connaissance du mat\u00e9riau.&nbsp;<\/p>\n\n\n\n<p>Bien qu\u2019il puisse \u00eatre appliqu\u00e9 sur une dalle de b\u00e9ton, comme sur du gravier non-trait\u00e9 (GNT), ou encore du carrelage, ce rev\u00eatement demande une parfaite ma\u00eetrise de l\u2019ex\u00e9cution des travaux pour une durabilit\u00e9 garantie. Tous les sols en r\u00e9sine ne se valent pas et c&rsquo;est de la responsabilit\u00e9 de l&rsquo;entreprise de pose que de garantir le suivi des \u00e9tapes de pose pr\u00e9conis\u00e9es par le fabricant.&nbsp;<\/p>\n\n\n\n<p>Pour qui cherche une alternative aux dalles de b\u00e9ton drainant, aux graviers, ou \u00e0 l\u2019enrob\u00e9, la r\u00e9sine de pierre est une option de choix. A la fois drainant, facile d\u2019entretien et dot\u00e9 d\u2019atouts techniques et esth\u00e9tiques, ce rev\u00eatement de sol permet d\u2019ajouter une touche de sophistication \u00e0 toutes les surfaces qu\u2019il \u00e9quipe. D\u2019ailleurs, ce n\u2019est pas un hasard si de plus en plus de municipalit\u00e9s ont d\u00e9cid\u00e9 d\u2019y avoir recours pour \u00e9quiper des espaces publics.&nbsp;<\/p>\n\n\n\n<ul class=\"wp-block-list\">\n<li><a href=\"https:\/\/www.resineo.com\/guides\/revetement-resine\/allee-carrossable\/gravier\/\">Gravier r\u00e9sine carrossable<\/a><\/li>\n\n\n\n<li><a href=\"https:\/\/www.resineo.com\/guides\/revetement-resine\/allee-carrossable\/travaux\/\">Quels travaux pr\u00e9voir pour le rev\u00eatement d&rsquo;une all\u00e9e carrossable ?<\/a><\/li>\n\n\n\n<li><a href=\"https:\/\/www.resineo.com\/guides\/revetement-resine\/allee-carrossable\/choisir-revetement\/\">Pourquoi choisir un rev\u00eatement \u00e0 base de r\u00e9sine pour une all\u00e9e carrossable ?<\/a><\/li>\n<\/ul>\n","protected":false},"excerpt":{"rendered":"<p>Qu\u2019il s\u2019agisse d\u2019une all\u00e9e de garage, d\u2019une all\u00e9e de jardin, ou d\u2019un passage aux abords d\u2019une maison, \u00e0 l\u2019heure d\u2019\u00e9quiper une all\u00e9e carrossable, il est important de faire le choix du bon mat\u00e9riau. Ce dernier devra \u00eatre suffisamment r\u00e9sistant pour supporter le poids d\u2019un v\u00e9hicule, ne pas subir de d\u00e9gradation \u00e0 force de passages r\u00e9p\u00e9t\u00e9s, [&hellip;]<\/p>\n","protected":false},"author":1,"featured_media":0,"parent":164,"menu_order":0,"comment_status":"closed","ping_status":"closed","template":"","meta":{"_acf_changed":false,"_seopress_robots_primary_cat":"","_seopress_titles_title":"","_seopress_titles_desc":"","_seopress_robots_index":"","_uag_custom_page_level_css":"","footnotes":""},"class_list":["post-178","page","type-page","status-publish","hentry","entry"],"acf":[],"uagb_featured_image_src":{"full":false,"thumbnail":false,"medium":false,"medium_large":false,"large":false,"1536x1536":false,"2048x2048":false,"ocean-thumb-m":false,"ocean-thumb-ml":false,"ocean-thumb-l":false},"uagb_author_info":{"display_name":"admin","author_link":"https:\/\/www.resineo.com\/guides\/author\/agoralys\/"},"uagb_comment_info":0,"uagb_excerpt":"Qu\u2019il s\u2019agisse d\u2019une all\u00e9e de garage, d\u2019une all\u00e9e de jardin, ou d\u2019un passage aux abords d\u2019une maison, \u00e0 l\u2019heure d\u2019\u00e9quiper une all\u00e9e carrossable, il est important de faire le choix du bon mat\u00e9riau. Ce dernier devra \u00eatre suffisamment r\u00e9sistant pour supporter le poids d\u2019un v\u00e9hicule, ne pas subir de d\u00e9gradation \u00e0 force de passages r\u00e9p\u00e9t\u00e9s,\u2026","_links":{"self":[{"href":"https:\/\/www.resineo.com\/guides\/wp-json\/wp\/v2\/pages\/178","targetHints":{"allow":["GET"]}}],"collection":[{"href":"https:\/\/www.resineo.com\/guides\/wp-json\/wp\/v2\/pages"}],"about":[{"href":"https:\/\/www.resineo.com\/guides\/wp-json\/wp\/v2\/types\/page"}],"author":[{"embeddable":true,"href":"https:\/\/www.resineo.com\/guides\/wp-json\/wp\/v2\/users\/1"}],"replies":[{"embeddable":true,"href":"https:\/\/www.resineo.com\/guides\/wp-json\/wp\/v2\/comments?post=178"}],"version-history":[{"count":2,"href":"https:\/\/www.resineo.com\/guides\/wp-json\/wp\/v2\/pages\/178\/revisions"}],"predecessor-version":[{"id":4134,"href":"https:\/\/www.resineo.com\/guides\/wp-json\/wp\/v2\/pages\/178\/revisions\/4134"}],"up":[{"embeddable":true,"href":"https:\/\/www.resineo.com\/guides\/wp-json\/wp\/v2\/pages\/164"}],"wp:attachment":[{"href":"https:\/\/www.resineo.com\/guides\/wp-json\/wp\/v2\/media?parent=178"}],"curies":[{"name":"wp","href":"https:\/\/api.w.org\/{rel}","templated":true}]}}