{"id":175,"date":"2019-09-06T11:43:30","date_gmt":"2019-09-06T11:43:30","guid":{"rendered":"https:\/\/www.resineo.com\/guides\/?page_id=175"},"modified":"2026-03-31T16:00:00","modified_gmt":"2026-03-31T16:00:00","slug":"camping","status":"publish","type":"page","link":"https:\/\/www.resineo.com\/guides\/revetement-resine\/allee-carrossable\/equiper\/camping\/","title":{"rendered":"Rev\u00eatement de sol r\u00e9sine pour all\u00e9e carrossable de camping et emplacements"},"content":{"rendered":"\n<p>G\u00e9rer un camping demande d\u2019assurer le confort des utilisateurs qui viennent chaque ann\u00e9e passer leurs vacances. Les sols en r\u00e9sine sont donc souvent utilis\u00e9s pour \u00e9quiper la plage de l\u2019\u00e9ventuelle piscine par exemple, mais il faut savoir que ce rev\u00eatement peut \u00e9galement \u00eatre utilis\u00e9 pour <a href=\"https:\/\/www.resineo.com\/guides\/revetement-resine\/allee-carrossable\/equiper\/\">\u00e9quiper les all\u00e9es carrossables et les emplacements<\/a>.<\/p>\n\n\n\n<p>Du fait de son fort pouvoir drainant, et de sa perm\u00e9abilit\u00e9, ce mat\u00e9riau id\u00e9al pour la r\u00e9novation d\u2019un camping. Facile d\u2019entretien et assurant la s\u00e9curit\u00e9 des clients, il s\u2019agit d\u2019un atout qui tend \u00e0 supplanter les sols pav\u00e9s ou les dalles de pierre, bien trop glissants.<\/p>\n\n\n\n<h2 class=\"wp-block-heading\">Un rev\u00eatement id\u00e9al pour \u00e9quiper un camping<\/h2>\n\n\n\n<p>Depuis la terrasse, en passant par la piscine ou les sanitaires, la r\u00e9sine de pierre est d\u00e9j\u00e0 souvent utilis\u00e9e dans les campings pour garantir le confort des vacanciers.<\/p>\n\n\n\n<p>Toutefois, les all\u00e9es carrossables et les emplacements sont encore souvent couverts de graviers tass\u00e9s ou de bitume, ne permettant pas une bonne \u00e9vacuation des eaux de pluie. Pire encore, en cas de fortes pr\u00e9cipitations, ces rev\u00eatements entra\u00eenent la formation de rigoles et de flaques qui repr\u00e9sentent un d\u00e9sagr\u00e9ment pour les occupants saisonniers.&nbsp;<\/p>\n\n\n\n<figure class=\"wp-block-image\"><img decoding=\"async\" src=\"https:\/\/www.resineo.com\/guides\/wp-content\/uploads\/sites\/2\/2019\/10\/revetement-antiderapant-allee.jpg\" alt=\"Revetement Antiderapant Allee\"\/><\/figure>\n\n\n\n<p>Or, il est d\u00e9montr\u00e9 qu\u2019en installant un mat\u00e9riau perm\u00e9able et non-glissant, bien des d\u00e9convenues peuvent \u00eatre \u00e9vit\u00e9es. C\u2019est une des raisons qui am\u00e8ne de plus en plus de propri\u00e9taires de campings \u00e0 \u00e9quiper tout leur site de r\u00e9sine de marbre ou de quartz.<\/p>\n\n\n\n<p>Les emplacements pour camping-cars par exemple, gagnent \u00e0 \u00eatre \u00e9quip\u00e9s de la sorte. En cas de pluie abondante, l\u2019eau est imm\u00e9diatement drain\u00e9e. Il en va de m\u00eame pour toutes les all\u00e9es qui desservent chaque emplacement. Au lieu d\u2019entra\u00eener la formation d\u2019\u00e9coulements vers le point le plus bas du site, lorsqu\u2019elles sont \u00e9quip\u00e9es de r\u00e9sine de pierre, elles drainent directement l\u2019exc\u00e9dent d\u2019eau pour la restituer au sol.<\/p>\n\n\n\n<p>Capables d\u2019absorber d\u2019\u00e9normes quantit\u00e9s d\u2019eau, ces rev\u00eatements garantissent la s\u00e9curit\u00e9 et le confort des clients.<\/p>\n\n\n\n<figure class=\"wp-block-image\"><img decoding=\"async\" src=\"https:\/\/www.resineo.com\/guides\/wp-content\/uploads\/sites\/2\/2019\/10\/revetement-resine-terrasse-restaurant.jpg\" alt=\"Revetement Resine Terrasse Restaurant\"\/><\/figure>\n\n\n\n<h2 class=\"wp-block-heading\">Esth\u00e9tique et pouvoir drainant pour un mat\u00e9riau multi-usage<\/h2>\n\n\n\n<p>Tout d\u2019abord, il est int\u00e9ressant de noter que d\u2019un point de vue esth\u00e9tique, un sol en r\u00e9sine de pierre a un rendu bien plus sophistiqu\u00e9 que n\u2019importe quel gravier ou dalle de pierre.<\/p>\n\n\n\n<p>Les possibilit\u00e9s en termes d\u2019esth\u00e9tique sont nombreuses. Il est possible de varier les coloris en fonction du min\u00e9ral utilis\u00e9, il est \u00e9galement possible de cr\u00e9er des motifs complexes (id\u00e9al pour incruster un logo par exemple), tout en s\u2019assurant de faire le choix d\u2019un mat\u00e9riau p\u00e9renne.<\/p>\n\n\n\n<p>D\u2019autre part, sa facilit\u00e9 d\u2019entretien en fait un alli\u00e9 de choix. Dans le cadre d\u2019un camping, les sanitaires doivent imp\u00e9rativement \u00eatre propres et entretenus. Avec la pose d\u2019une moquette de pierre, le nettoyage quotidien devient bien plus simple. D\u2019une part, il suffit d\u2019un balai et d\u2019eau pour nettoyer le sol, d\u2019autre part, ce dernier est sec et adh\u00e9rent en quelques secondes. Pour qui a d\u00e9j\u00e0 v\u00e9cu le cauchemar de la glissade \u00e0 la sortie des sanitaires d\u2019un camping, il est facile de comprendre \u00e0 quel point ce facteur est important.<\/p>\n\n\n\n<p>Ensuite, pour l\u2019\u00e9quipement des all\u00e9es, la pr\u00e9sence de gravier peut v\u00e9ritablement repr\u00e9senter un inconv\u00e9nient. Compte tenu du fait que ce rev\u00eatement n\u2019est pas stable, il est fr\u00e9quent de retrouver de petites pierres un peu partout. \u00c9quip\u00e9es de r\u00e9sine de marbre ou de quartz, ces all\u00e9es restent parfaitement stables et n\u2019entra\u00eenent aucun d\u00e9placement de gravillons. Les granulats utilis\u00e9s sont parfaitement agglom\u00e9r\u00e9s par la r\u00e9sine polyur\u00e9thane qui en fait une surface dure et compacte.<\/p>\n\n\n\n<p><b>A noter<\/b>&nbsp;: <i>Il est fr\u00e9quent que les clients \u00e9voluent pieds nus dans un camping. La r\u00e9sine de pierre est un rev\u00eatement de sol qui n\u2019est pas abrasif, permettant ainsi ce type de comportement en tout confort. All\u00e9es, terrasses et plages de piscines restent donc praticables, m\u00eame d\u00e9chauss\u00e9.<\/i><\/p>\n\n\n\n<figure class=\"wp-block-image\"><img decoding=\"async\" src=\"https:\/\/www.resineo.com\/guides\/wp-content\/uploads\/sites\/2\/2019\/10\/revetement-antiderapant-piscine.jpg\" alt=\"Revetement Antiderapant Piscine\"\/><\/figure>\n\n\n\n<h2 class=\"wp-block-heading\">Les normes de s\u00e9curit\u00e9 et de pr\u00e9occupation environnementale sont tr\u00e8s importantes dans la gestion d\u2019un camping<\/h2>\n\n\n\n<p>Compte tenu de leurs propri\u00e9t\u00e9s drainantes, les rev\u00eatements de sol en r\u00e9sine permettent aux usagers d\u2019\u00e9voluer en toute s\u00e9curit\u00e9 au bords des bassins. Le rev\u00eatement a fait l&rsquo;objet d&rsquo;essais normalis\u00e9s garantissant son anti-glissance (PN18).&nbsp;<\/p>\n\n\n\n<p>En effet, ce type d\u2019\u00e9tablissement est soumis \u00e0 quantit\u00e9 de normes et de r\u00e8gles afin de garantir la s\u00e9curit\u00e9 des usagers. Dans le cadre du respect de ces obligations, la r\u00e9sine de pierre repr\u00e9sente un atout notable.<\/p>\n\n\n\n<p>La notion de respect de l\u2019environnement est \u00e9galement de plus en plus prise en compte. Or, compte tenu de ses propri\u00e9t\u00e9s, l\u00e0 encore, la r\u00e9sine de pierre r\u00e9pond parfaitement \u00e0 ces exigences. D\u2019une part son pouvoir drainant permet de restituer l\u2019eau de pluie au sol, d\u2019autre part, les mat\u00e9riaux sont parfaitement inertes et n\u2019entra\u00eenent pas la migration de produits dangereux pour l\u2019\u00e9cosyst\u00e8me.<\/p>\n\n\n\n<p>Pour toutes ces raisons, aussi bien la plage de piscine, que les parties communes ou les all\u00e9es carrossables peuvent en \u00eatre \u00e9quip\u00e9es.&nbsp;<\/p>\n\n\n\n<p>Bien \u00e9videmment, afin de s\u2019assurer que l\u2019ensemble soit perm\u00e9able et parfaitement stable, l\u2019intervention d\u2019un expert pour la r\u00e9alisation des travaux de pose est n\u00e9cessaire. Ce dernier fera en sorte que la r\u00e9novation ou l\u2019installation soit parfaitement conforme aux normes produits, ainsi qu\u2019aux normes de s\u00e9curit\u00e9 auxquelles sont soumis les campings. L\u2019expert ou l\u2019entreprise qui se chargera des travaux mettra tout en \u0153uvre pour une r\u00e9alisation aussi performante que durable.<\/p>\n\n\n\n<p>Afin de garantir la s\u00e9curit\u00e9 et le confort des clients, et de faciliter la t\u00e2che des employ\u00e9s responsables de l\u2019entretien, ce rev\u00eatement de sol est id\u00e9al pour \u00e9quiper un camping.&nbsp;<\/p>\n\n\n\n<ul class=\"wp-block-list\">\n<li><a href=\"https:\/\/www.resineo.com\/guides\/revetement-resine\/allee-carrossable\/equiper\/piste-cyclable\/\">Rev\u00eatement de sol en r\u00e9sine drainant pour piste cyclable<\/a><\/li>\n<\/ul>\n","protected":false},"excerpt":{"rendered":"<p>G\u00e9rer un camping demande d\u2019assurer le confort des utilisateurs qui viennent chaque ann\u00e9e passer leurs vacances. Les sols en r\u00e9sine sont donc souvent utilis\u00e9s pour \u00e9quiper la plage de l\u2019\u00e9ventuelle piscine par exemple, mais il faut savoir que ce rev\u00eatement peut \u00e9galement \u00eatre utilis\u00e9 pour \u00e9quiper les all\u00e9es carrossables et les emplacements. Du fait de [&hellip;]<\/p>\n","protected":false},"author":1,"featured_media":0,"parent":167,"menu_order":0,"comment_status":"closed","ping_status":"closed","template":"","meta":{"_acf_changed":false,"_seopress_robots_primary_cat":"","_seopress_titles_title":"","_seopress_titles_desc":"","_seopress_robots_index":"","_uag_custom_page_level_css":"","footnotes":""},"class_list":["post-175","page","type-page","status-publish","hentry","entry"],"acf":[],"uagb_featured_image_src":{"full":false,"thumbnail":false,"medium":false,"medium_large":false,"large":false,"1536x1536":false,"2048x2048":false,"ocean-thumb-m":false,"ocean-thumb-ml":false,"ocean-thumb-l":false},"uagb_author_info":{"display_name":"admin","author_link":"https:\/\/www.resineo.com\/guides\/author\/agoralys\/"},"uagb_comment_info":0,"uagb_excerpt":"G\u00e9rer un camping demande d\u2019assurer le confort des utilisateurs qui viennent chaque ann\u00e9e passer leurs vacances. Les sols en r\u00e9sine sont donc souvent utilis\u00e9s pour \u00e9quiper la plage de l\u2019\u00e9ventuelle piscine par exemple, mais il faut savoir que ce rev\u00eatement peut \u00e9galement \u00eatre utilis\u00e9 pour \u00e9quiper les all\u00e9es carrossables et les emplacements. Du fait de\u2026","_links":{"self":[{"href":"https:\/\/www.resineo.com\/guides\/wp-json\/wp\/v2\/pages\/175","targetHints":{"allow":["GET"]}}],"collection":[{"href":"https:\/\/www.resineo.com\/guides\/wp-json\/wp\/v2\/pages"}],"about":[{"href":"https:\/\/www.resineo.com\/guides\/wp-json\/wp\/v2\/types\/page"}],"author":[{"embeddable":true,"href":"https:\/\/www.resineo.com\/guides\/wp-json\/wp\/v2\/users\/1"}],"replies":[{"embeddable":true,"href":"https:\/\/www.resineo.com\/guides\/wp-json\/wp\/v2\/comments?post=175"}],"version-history":[{"count":2,"href":"https:\/\/www.resineo.com\/guides\/wp-json\/wp\/v2\/pages\/175\/revisions"}],"predecessor-version":[{"id":4127,"href":"https:\/\/www.resineo.com\/guides\/wp-json\/wp\/v2\/pages\/175\/revisions\/4127"}],"up":[{"embeddable":true,"href":"https:\/\/www.resineo.com\/guides\/wp-json\/wp\/v2\/pages\/167"}],"wp:attachment":[{"href":"https:\/\/www.resineo.com\/guides\/wp-json\/wp\/v2\/media?parent=175"}],"curies":[{"name":"wp","href":"https:\/\/api.w.org\/{rel}","templated":true}]}}