{"id":172,"date":"2019-09-06T11:40:10","date_gmt":"2019-09-06T11:40:10","guid":{"rendered":"https:\/\/www.resineo.com\/guides\/?page_id=172"},"modified":"2024-11-08T11:56:46","modified_gmt":"2024-11-08T11:56:46","slug":"piste-cyclable","status":"publish","type":"page","link":"https:\/\/www.resineo.com\/guides\/revetement-resine\/allee-carrossable\/equiper\/piste-cyclable\/","title":{"rendered":"Rev\u00eatement de sol en r\u00e9sine drainant pour piste cyclable"},"content":{"rendered":"\n<p>Les rev\u00eatements de sol \u00e0 base de r\u00e9sine et de granulat min\u00e9ral sont appr\u00e9ci\u00e9s pour leur perm\u00e9abilit\u00e9 et la perm\u00e9abilit\u00e9 qu\u2019ils garantissent (confort des usagers).\u00a0 C\u2019est d\u2019ailleurs la raison pour laquelle ils sont largement employ\u00e9s pour \u00e9quiper tous types de voies carrossables.<\/p>\n\n\n\n<figure class=\"wp-block-image\"><img decoding=\"async\" src=\"https:\/\/www.resineo.com\/guides\/wp-content\/uploads\/sites\/2\/2019\/10\/revetement-granulat-sol-allee.jpg\" alt=\"Revetement Granulat Sol Allee\"\/><\/figure>\n\n\n\n<p>C\u2019est \u00e9galement la raison pour laquelle ces produits sont dor\u00e9navant particuli\u00e8rement appr\u00e9ci\u00e9s pour <a href=\"https:\/\/www.resineo.com\/univers-professionnels\/pistes-cyclables\/\" data-type=\"link\" data-id=\"https:\/\/www.resineo.com\/univers-professionnels\/pistes-cyclables\/\">habiller la surface des pistes cyclables<\/a>, un traitement anti-glissant devra \u00eatre appliqu\u00e9 en surface.\u00a0<\/p>\n\n\n\n<p>Largement plus drainant que l\u2019enrob\u00e9&nbsp; et garantissant l\u2019\u00e9vacuation de l\u2019eau en surface, les sols en r\u00e9sine font partie de ces mat\u00e9riaux qui allient confort, praticit\u00e9 et durabilit\u00e9.<\/p>\n\n\n\n<h2 class=\"wp-block-heading\">Un rev\u00eatement de sol \u00e0 la fois perm\u00e9able, durable et r\u00e9sistant<\/h2>\n\n\n\n<p>Les pistes cyclables doivent permettre aux usagers de circuler confortablement. En cas de pluie, il est int\u00e9ressant que ce type de voie ne cr\u00e9ent pas de couche d&rsquo;eau en surface et \u00e9vite ainsi les \u00e9claboussures.&nbsp;<\/p>\n\n\n\n<p>Capable de drainer jusqu\u2019\u00e0 50l d\u2019eau\/seconde et par m\u00b2, un rev\u00eatement de sol en r\u00e9sine et granulat de quartz ou de marbre est donc un <a href=\"https:\/\/www.resineo.com\/guides\/revetement-resine\/allee-carrossable\/equiper\/\">mat\u00e9riau id\u00e9al pour l\u2019\u00e9quipement d\u2019une voie carrossable<\/a>, telle que l\u2019est une piste cyclable. L&rsquo;ajout de silice ou de charges antid\u00e9rapantes peuvent \u00eatre n\u00e9cessaires pour adapter la moquette de pierre \u00e0 cet usage.\u00a0<\/p>\n\n\n\n<p>Il est vrai que nous avons plus l\u2019habitude de retrouver de la r\u00e9sine de marbre pour \u00e9quiper un tour de piscine, une terrasse, ou une all\u00e9e de jardin. C\u2019est d\u2019ailleurs parce que ce type de produit est capable de drainer de grandes quantit\u00e9s de liquide et garantit une surface de contact moins humique que l&rsquo;enrob\u00e9 ou le b\u00e9ton, qu\u2019il est utilis\u00e9 dans ces configurations.&nbsp;<\/p>\n\n\n\n<figure class=\"wp-block-image\"><img decoding=\"async\" src=\"https:\/\/www.resineo.com\/guides\/wp-content\/uploads\/sites\/2\/2019\/10\/revetement-resine-sol-parc.jpg\" alt=\"Revetement Resine Sol Parc\"\/><\/figure>\n\n\n\n<h2 class=\"wp-block-heading\">Eviter l&rsquo;aquaplaning pour un confort maximal<\/h2>\n\n\n\n<p>Au-del\u00e0 des propri\u00e9t\u00e9s m\u00e9caniques de ces rev\u00eatements, une qualit\u00e9 est \u00e0 souligner, c\u2019est leur esth\u00e9tique. En effet, diff\u00e9rents coloris naturels sont disponibles au catalogue de R\u00e9sineo. En fonction du type de granulat min\u00e9ral choisi, il est possible d\u2019opter pour une couleur parfaitement visible par les automobilistes, signifiant clairement la pr\u00e9sence d\u2019une piste cyclable.<\/p>\n\n\n\n<p>Pour une municipalit\u00e9 qui souhaite mettre en place une gestion durable de l&rsquo;eau, un rev\u00eatement perm\u00e9able est une bonne alternative \u00e0 l&rsquo;enrob\u00e9.&nbsp;<\/p>\n\n\n\n<p>Parmi une palette de 10 coloris naturels diff\u00e9rents, il est facile de trouver la teinte parfaite.<\/p>\n\n\n\n<h2 class=\"wp-block-heading\">Des pistes cyclables faciles \u00e0 entretenir<\/h2>\n\n\n\n<p>Une autre qualit\u00e9 \u00e0 souligner, c\u2019est la facilit\u00e9 d\u2019entretien d\u2019une voie carrossable faite de granulat min\u00e9ral et r\u00e9sine.&nbsp;<\/p>\n\n\n\n<p>La r\u00e9sine polyur\u00e9thane transparente utilis\u00e9e repr\u00e9sente une protection contre l\u2019apparition de mauvaises herbes. De plus, compte tenu du pouvoir drainant de ce rev\u00eatement, aucune accumulation d\u2019eau stagnante ne vient entacher l\u2019aspect esth\u00e9tique des espaces qui en sont \u00e9quip\u00e9s.<\/p>\n\n\n\n<p>Ce type d\u2019am\u00e9nagement repr\u00e9sente donc un b\u00e9n\u00e9fice, tant \u00e0 l\u2019\u00e9chelle des utilisateurs, qu\u2019\u00e0 l\u2019\u00e9chelle des municipalit\u00e9s&nbsp;:&nbsp;<\/p>\n\n\n\n<ul class=\"wp-block-list\">\n<li>Visibilit\u00e9 des pistes cyclables.<\/li>\n\n\n\n<li>R\u00e9sistance du rev\u00eatement dans le temps.<\/li>\n\n\n\n<li>Surface confortable en \u00e9vitant les \u00e9claboussures.\u00a0<\/li>\n\n\n\n<li>Facilit\u00e9 d\u2019entretien.<\/li>\n<\/ul>\n\n\n\n<p><b>A noter<\/b>&nbsp;: <i>En mati\u00e8re de protection de l\u2019environnement, un point est \u00e0 prendre en compte&nbsp;: compte tenu de sa perm\u00e9abilit\u00e9, ce rev\u00eatement permet de restituer directement les eaux de pluie au sol, contrairement \u00e0 d\u2019autres mat\u00e9riaux imperm\u00e9ables qui conduisent ces eaux vers les \u00e9gouts.<\/i><\/p>\n\n\n\n<p>Les pistes cyclables sont de plus en plus utilis\u00e9es aujourd\u2019hui. Dans les villes, les habitants tendent \u00e0 opter pour le v\u00e9lo pour se rendre sur leur lieu de travail, ou pour tous les trajets ne n\u00e9cessitant pas n\u00e9cessairement la voiture. Il est donc du devoir des municipalit\u00e9s et des organismes en charge de la pose et l\u2019entretien des infrastructures de leur fournir des voies adapt\u00e9es. En faisant le choix d\u2019\u00e9quiper les pistes cyclables de r\u00e9sine de pierre, les communes s\u2019assurent de r\u00e9duire au maximum leur impact sur l\u2019environnement, tout en garantissant un mat\u00e9riau s\u00fbr et confortable pour les cyclistes, dont la r\u00e9sistance rendra ces infrastructures p\u00e9rennes.<\/p>\n\n\n\n<ul class=\"wp-block-list\">\n<li><a href=\"https:\/\/www.resineo.com\/guides\/revetement-resine\/allee-carrossable\/equiper\/camping\/\">Rev\u00eatement de sol r\u00e9sine pour all\u00e9e carrossable de camping et emplacements<\/a><\/li>\n<\/ul>\n","protected":false},"excerpt":{"rendered":"<p>Les rev\u00eatements de sol \u00e0 base de r\u00e9sine et de granulat min\u00e9ral sont appr\u00e9ci\u00e9s pour leur perm\u00e9abilit\u00e9 et la perm\u00e9abilit\u00e9 qu\u2019ils garantissent (confort des usagers).\u00a0 C\u2019est d\u2019ailleurs la raison pour laquelle ils sont largement employ\u00e9s pour \u00e9quiper tous types de voies carrossables. C\u2019est \u00e9galement la raison pour laquelle ces produits sont dor\u00e9navant particuli\u00e8rement appr\u00e9ci\u00e9s pour [&hellip;]<\/p>\n","protected":false},"author":1,"featured_media":0,"parent":167,"menu_order":0,"comment_status":"closed","ping_status":"closed","template":"","meta":{"_acf_changed":false,"_seopress_robots_primary_cat":"","_seopress_titles_title":"","_seopress_titles_desc":"","_seopress_robots_index":"","_uag_custom_page_level_css":"","footnotes":""},"class_list":["post-172","page","type-page","status-publish","hentry","entry"],"acf":[],"uagb_featured_image_src":{"full":false,"thumbnail":false,"medium":false,"medium_large":false,"large":false,"1536x1536":false,"2048x2048":false,"ocean-thumb-m":false,"ocean-thumb-ml":false,"ocean-thumb-l":false},"uagb_author_info":{"display_name":"admin","author_link":"https:\/\/www.resineo.com\/guides\/author\/agoralys\/"},"uagb_comment_info":0,"uagb_excerpt":"Les rev\u00eatements de sol \u00e0 base de r\u00e9sine et de granulat min\u00e9ral sont appr\u00e9ci\u00e9s pour leur perm\u00e9abilit\u00e9 et la perm\u00e9abilit\u00e9 qu\u2019ils garantissent (confort des usagers).\u00a0 C\u2019est d\u2019ailleurs la raison pour laquelle ils sont largement employ\u00e9s pour \u00e9quiper tous types de voies carrossables. C\u2019est \u00e9galement la raison pour laquelle ces produits sont dor\u00e9navant particuli\u00e8rement appr\u00e9ci\u00e9s pour\u2026","_links":{"self":[{"href":"https:\/\/www.resineo.com\/guides\/wp-json\/wp\/v2\/pages\/172","targetHints":{"allow":["GET"]}}],"collection":[{"href":"https:\/\/www.resineo.com\/guides\/wp-json\/wp\/v2\/pages"}],"about":[{"href":"https:\/\/www.resineo.com\/guides\/wp-json\/wp\/v2\/types\/page"}],"author":[{"embeddable":true,"href":"https:\/\/www.resineo.com\/guides\/wp-json\/wp\/v2\/users\/1"}],"replies":[{"embeddable":true,"href":"https:\/\/www.resineo.com\/guides\/wp-json\/wp\/v2\/comments?post=172"}],"version-history":[{"count":2,"href":"https:\/\/www.resineo.com\/guides\/wp-json\/wp\/v2\/pages\/172\/revisions"}],"predecessor-version":[{"id":3874,"href":"https:\/\/www.resineo.com\/guides\/wp-json\/wp\/v2\/pages\/172\/revisions\/3874"}],"up":[{"embeddable":true,"href":"https:\/\/www.resineo.com\/guides\/wp-json\/wp\/v2\/pages\/167"}],"wp:attachment":[{"href":"https:\/\/www.resineo.com\/guides\/wp-json\/wp\/v2\/media?parent=172"}],"curies":[{"name":"wp","href":"https:\/\/api.w.org\/{rel}","templated":true}]}}