{"id":164,"date":"2019-09-06T11:17:13","date_gmt":"2019-09-06T11:17:13","guid":{"rendered":"https:\/\/www.resineo.com\/guides\/?page_id=164"},"modified":"2026-03-31T15:57:43","modified_gmt":"2026-03-31T15:57:43","slug":"allee-carrossable","status":"publish","type":"page","link":"https:\/\/www.resineo.com\/guides\/revetement-resine\/allee-carrossable\/","title":{"rendered":"Rev\u00eatement de sol en r\u00e9sine pour all\u00e9e carrossable"},"content":{"rendered":"\n<p>Pour \u00e9quiper son all\u00e9e de garage, son entr\u00e9e ou les abords de sa maison, le choix du bon <a href=\"https:\/\/www.resineo.com\/guides\/revetement-resine\/\">rev\u00eatement de sol<\/a> permet d\u2019allier finitions esth\u00e9tiques et robustesse .<\/p>\n\n\n\n<p>Pour en savoir plus sur nos rev\u00eatements pour all\u00e9e carrossable : <a href=\"https:\/\/www.resineo.com\/univers-particuliers\/voies-carrossables\/\" data-type=\"URL\" data-id=\"https:\/\/www.resineo.com\/univers-particuliers\/voies-carrossables\/\">Visitez notre page all\u00e9e carrossable. <\/a><\/p>\n\n\n\n<p>Pour qui cherche une option plus esth\u00e9tique que l\u2019enrob\u00e9, le b\u00e9ton drainant ou le dallage de pierre, la r\u00e9sine de pierre avec un traitement anti-glissant adapt\u00e9 peut s\u2019av\u00e9rer une tr\u00e8s bonne alternative.&nbsp;<\/p>\n\n\n\n<p>Pour ce type d&rsquo;usage (passages r\u00e9p\u00e9t\u00e9s de v\u00e9hicules plus ou moins lourds), il est imp\u00e9ratif d\u2019avoir recours \u00e0 un mat\u00e9riau qui alliera r\u00e9sistance m\u00e9canique, stabilit\u00e9 et perm\u00e9abilit\u00e9 des eaux de pluie. Et il s\u2019agit pr\u00e9cis\u00e9ment des qualit\u00e9s qu\u2019offrent la r\u00e9sine de pierre R\u00e9sineo Drain. Pr\u00e9vus pour r\u00e9sister \u00e0 des passages r\u00e9p\u00e9t\u00e9s, tout en \u00e9vitant \u00e0 l\u2019eau de stagner, ces rev\u00eatements ont \u00e9galement l\u2019avantage d\u2019ajouter une touche esth\u00e9tique \u00e0 l\u2019espace qu\u2019ils \u00e9quipent (PV d&rsquo;essais de carrossabilit\u00e9 disponibles sur demande).<\/p>\n\n\n\n<figure class=\"wp-block-image\"><img decoding=\"async\" src=\"https:\/\/www.resineo.com\/guides\/wp-content\/uploads\/sites\/2\/2019\/10\/revetement-granulat-allee-carrossable.jpg\" alt=\"Revetement Granulat Allee Carrossable\"\/><\/figure>\n\n\n\n<p>Petit focus sur ce mat\u00e9riau qui pourrait vous permettre d\u2019\u00e9quiper l\u2019ext\u00e9rieur de votre maison de fa\u00e7on durable, tout en vous garantissant une surface de roulement s\u00e8che par temps de pluie.<\/p>\n\n\n\n<h2 class=\"wp-block-heading\">Les propri\u00e9t\u00e9s du granulat de marbre associ\u00e9 \u00e0 la r\u00e9sine<\/h2>\n\n\n\n<p>A la diff\u00e9rence de graviers stabilis\u00e9s par des stabilisateurs de graviers ou compact\u00e9s, la r\u00e9sine de marbre pr\u00e9sente l\u2019avantage d\u2019\u00eatre \u00e0 la fois stable et durable dans le temps. L&rsquo;agglom\u00e9rat de r\u00e9sine et de granulats forme un bloc qui restera compact dans le temps m\u00eame en cas d&rsquo;usage intensif de la surface.<\/p>\n\n\n\n<p>Contrairement \u00e0 l\u2019enrob\u00e9 ou le b\u00e9ton d\u00e9sactiv\u00e9, le sol en r\u00e9sine permet un drainage des eaux particuli\u00e8rement efficace, cela permet de limiter l&rsquo;imperm\u00e9abilisation des sols. Avec la capacit\u00e9 de laisser p\u00e9n\u00e9trer pr\u00e8s de 38L\/m2 et par seconde pour une pose en 3cm sur GNT, l\u2019eau n\u2019a pas le temps de s\u2019accumuler en cr\u00e9ant flaques ni de stagner \u00e0 la surface. Ce rev\u00eatement rend votre sol perm\u00e9able.<\/p>\n\n\n\n<p>M\u00eame par pluie intense, l\u2019utilisateur \u00e0 la garantie de pouvoir avancer librement, sans craindre de l&rsquo;aquaplaning et en gardant les pieds au sec en sortant de son v\u00e9hicule.<\/p>\n\n\n\n<p>Outre sa drainance, ce type de sol r\u00e9siste tr\u00e8s bien au gel. Bien que les temp\u00e9ratures chutent, le risque d\u2019\u00e9clatement ou de fissure est tr\u00e8s mod\u00e9r\u00e9. Les alv\u00e9oles et les interstices laissent toute latitude \u00e0 l\u2019eau de geler \u00e0 l&rsquo;int\u00e9rieur du rev\u00eatement, sans pour autant compromettre l\u2019int\u00e9grit\u00e9 du rev\u00eatement.<\/p>\n\n\n\n<p>En termes de r\u00e9sistance m\u00e9canique, <a href=\"https:\/\/www.resineo.com\/guides\/revetement-resine\/moquette-pierre\/\">un sol alliant granulat min\u00e9ral et r\u00e9sine<\/a>, les contraintes auxquelles il est capable de r\u00e9sister en font un mat\u00e9riau de choix (PV d&rsquo;essais disponibles sur demande).<\/p>\n\n\n\n<p>L\u2019autre avantage de ce rev\u00eatement r\u00e9side dans sa facilit\u00e9 d\u2019entretien. A la diff\u00e9rence d\u2019autres surfaces, il suffit d\u2019un nettoyage p\u00e9riodique pour raviver ses couleurs et le tenir propre.<\/p>\n\n\n\n<h2 class=\"wp-block-heading\">La limitation de la glissance, une qualit\u00e9 n\u00e9cessaire pour \u00e9quiper une voie carrossable<\/h2>\n\n\n\n<p>A la diff\u00e9rence du carrelage ou d\u2019une all\u00e9e de pav\u00e9s, le granulat min\u00e9ral offre une bonne adh\u00e9rence puisqu&rsquo;il \u00e9vite la cr\u00e9ation d&rsquo;une couche d&rsquo;eau en surface.<\/p>\n\n\n\n<p>M\u00eame s&rsquo;il n&rsquo;est pas aussi antid\u00e9rapant que l&rsquo;enrob\u00e9 ou le b\u00e9ton drainant, il peut \u00eatre utilis\u00e9 en all\u00e9e de garage.<\/p>\n\n\n\n<p>Ce n\u2019est d\u2019ailleurs pas un hasard si ce type de sols \u00e9quipent souvent <a href=\"https:\/\/www.resineo.com\/guides\/revetement-resine\/sol-piscine\/\">les abords de piscine<\/a>. Sans supposer une abrasion au contact, il permet d\u2019\u00e9viter les glissades en bords de piscine, m\u00eame en pr\u00e9sence d\u2019humidit\u00e9. En r\u00e9alit\u00e9, l\u2019humidit\u00e9 reste tr\u00e8s superficielle dans la mesure o\u00f9 le drainage garantit une \u00e9vacuation de l\u2019exc\u00e9dent d\u2019eau.<\/p>\n\n\n\n<p>A contrario, le bitume permet l\u2019\u00e9coulement de l\u2019eau, mais pas le drainage. En clair, l\u2019all\u00e9e qui en est \u00e9quip\u00e9e est tenue d\u2019\u00eatre bord\u00e9e de passages destin\u00e9s aux \u00e9coulements d\u2019eau. Au contraire, une surface de graviers permettra le drainage, mais p\u00e2tira d\u2019une certaine instabilit\u00e9 qui entrainera un entretien r\u00e9gulier. M\u00eame avec des graviers stabilis\u00e9s, la surface ne reste g\u00e9n\u00e9ralement pas uniforme et demande \u00e0 \u00eatre ratiss\u00e9e, notamment sur des all\u00e9es en pente.<\/p>\n\n\n\n<p>Les produits \u00e0 base de r\u00e9sine et de granulats allient stabilit\u00e9 et perm\u00e9abilit\u00e9, permettant ainsi une circulation \u00e0 basse vitesse en toute s\u00e9curit\u00e9. Ces rev\u00eatements sont adapt\u00e9s pour des all\u00e9es carrossables ou de garage privatifs et ne doivent pas \u00eatre utilis\u00e9s pour rev\u00eatir des routes. Bien \u00e9videmment, pour garantir l\u2019efficacit\u00e9 de ces <a href=\"https:\/\/www.resineo.com\/guides\/revetement-resine\/resine-sol-exterieur\/\">sols ext\u00e9rieurs<\/a>, il est recommand\u00e9 de confier la r\u00e9alisation des travaux de pose \u00e0 des professionnels agr\u00e9\u00e9s, qui seront \u00e0 m\u00eame de respecter l\u2019int\u00e9grit\u00e9 du mat\u00e9riau, tout en respectant les contraintes techniques li\u00e9es au lieu et \u00e0 sa configuration.<\/p>\n\n\n\n<figure class=\"wp-block-image\"><img decoding=\"async\" src=\"https:\/\/www.resineo.com\/guides\/wp-content\/uploads\/sites\/2\/2019\/10\/revetement-antiderapant-sol-jardin.jpg\" alt=\"Revetement sol jardin\"\/><\/figure>\n\n\n\n<h2 class=\"wp-block-heading\">Il est possible d\u2019accorder sa terrasse \u00e0 son all\u00e9e de garage<\/h2>\n\n\n\n<p>En termes d\u2019esth\u00e9tique, un des avantages des sols en r\u00e9sine tient dans la possibilit\u00e9 d\u2019\u00e9quiper diff\u00e9rentes surfaces, destin\u00e9es \u00e0 diff\u00e9rents usages, tout en conservant une harmonie de rev\u00eatements.<\/p>\n\n\n\n<p>Tant du point de vue de la couleur, que des textures, il est ainsi possible de garder une coh\u00e9rence entre les diff\u00e9rents espaces. Depuis la plage de piscine, en passant par la <a href=\"https:\/\/www.resineo.com\/guides\/revetement-resine\/terrasse-exterieure\/\">terrasse<\/a> ou l\u2019all\u00e9e du garage, il va \u00eatre simple d\u2019accorder les diff\u00e9rentes zones, pour un rendu esth\u00e9tique totalement homog\u00e8ne.<\/p>\n\n\n\n<p>Il est possible d\u2019inclure diff\u00e9rentes couleurs dans un m\u00eame espace. Il devient ainsi facile de cr\u00e9er des compositions graphiques, parfaitement int\u00e9gr\u00e9es, et respectant l\u2019int\u00e9grit\u00e9 du sol et sa fonction.<\/p>\n\n\n\n<p>Il n\u2019est m\u00eame pas n\u00e9cessaire d\u2019envisager des travaux de peinture. Les diff\u00e9rents mod\u00e8les de granulats peuvent \u00eatre alli\u00e9s pour des compositions aussi esth\u00e9tiques que pratiques.<\/p>\n\n\n\n<h2 class=\"wp-block-heading\">La moquette de marbre est un produit adaptable \u00e0 diff\u00e9rents supports<\/h2>\n\n\n\n<p>Si vous vous posez des questions quant \u00e0 la pr\u00e9paration de travaux et des surfaces avant pose, sachez que <a href=\"https:\/\/www.resineo.com\/guides\/revetement-resine\/tapis-de-pierre\/\">le granulat min\u00e9ral et la r\u00e9sine<\/a> permettent d\u2019\u00e9quiper de nombreux type de sols.<\/p>\n\n\n\n<p>Dans la majorit\u00e9 des cas, une entr\u00e9e de garage en r\u00e9sine sera appliqu\u00e9e sur du gravier compact\u00e9 (qui en r\u00e9alit\u00e9 se nomme grave non-trait\u00e9e). Il faudra s\u2019assurer de la stabilit\u00e9 du terrain avant d\u2019entamer les travaux de pose, la pose d&rsquo;une GNT par un professionnel est n\u00e9cessaire. N\u00e9anmoins, une fois l\u2019ensemble bien compact\u00e9 et stabilis\u00e9, il peut \u00eatre recouvert d\u2019un produit R\u00e9sineo.<\/p>\n\n\n\n<p>Une dalle en b\u00e9ton sera \u00e9galement recouvrable par un rev\u00eatement de ce type, sans supposer de g\u00eane dans le temps. L\u2019essentiel est de s\u2019assurer de la stabilit\u00e9 de la surface de base et d&rsquo;une pente minium (2%), pour un vieillissement optimal.<\/p>\n\n\n\n<p><b>A noter<\/b>&nbsp;: <i>A la diff\u00e9rence du bitume ou d\u2019une dalle de b\u00e9ton d\u00e9sactiv\u00e9, un sol en r\u00e9sine min\u00e9rale ne min\u00e9ralise pas le terrain qui l\u2019\u00e9quipe. C\u2019est pr\u00e9cis\u00e9ment ce qui lui donne ce pouvoir drainant. Pos\u00e9 sur des graviers compact\u00e9s (GNT), il permettra aux \u00e9coulements d\u2019\u00eatre absorb\u00e9s par le sol de mani\u00e8re naturelle.<\/i><\/p>\n\n\n\n<p>Pour ce qui est de l\u2019\u00e9paisseur du produit, elle n\u2019exc\u00e8de pas quelques centim\u00e8tres. En l\u2019occurrence, pour une all\u00e9e carrossable, l\u2019\u00e9paisseur conseill\u00e9e est de 3 cm sur GNT et de 1.5cm sur dalle b\u00e9ton. Elle assure ainsi la portance n\u00e9cessaire au passage de v\u00e9hicules, tout en conservant des propri\u00e9t\u00e9s drainantes.<\/p>\n\n\n\n<p><b>Bien qu\u2019il soit possible de se procurer un kit pour ses travaux, il est plus recommand\u00e9 de confier ce type de travaux \u00e0 des professionnels experts.<\/b><\/p>\n\n\n\n<figure class=\"wp-block-image\"><img decoding=\"async\" src=\"https:\/\/www.resineo.com\/guides\/wp-content\/uploads\/sites\/2\/2019\/10\/revetement-antiderapant-allee.jpg\" alt=\"Revetement r\u00e9sine Allee\"\/><\/figure>\n\n\n\n<h2 class=\"wp-block-heading\">Faites le bon choix de rev\u00eatement pour vos ext\u00e9rieurs<\/h2>\n\n\n\n<p>En comparant les diff\u00e9rentes solutions envisageables pour \u00e9quiper une all\u00e9e carrossable, la r\u00e9sine accompagn\u00e9e de granulat min\u00e9ral ou de marbre parait \u00eatre une bonne alternative aux autres rev\u00eatements habituellement utilis\u00e9s, tant par ses propri\u00e9t\u00e9s m\u00e9caniques, que son aspect esth\u00e9tique.<\/p>\n\n\n\n<p>Enfin, c\u2019est au prix de travaux peu contraignants que ce rev\u00eatement peut-\u00eatre pos\u00e9. Il permet la livraison de projets incluant l\u2019incrustation de projecteurs dans le sol par exemple, qui seront facilement int\u00e9gr\u00e9s. Il permet \u00e9galement de jouer avec la couleur de chaque zone qu\u2019il \u00e9quipe, pour d\u00e9limiter significativement chaque espace.&nbsp;<\/p>\n\n\n\n<p>Mais le plus int\u00e9ressant pour une voie carrossable, c\u2019est bien sa capacit\u00e9 \u00e0 \u00e9viter les accumulations d\u2019eau, \u00e0 parfaitement r\u00e9sister au gel et aux UV, tout en garantissant une bonne adh\u00e9rence.<\/p>\n\n\n\n<p>Si vous devez faire le choix d\u2019un mat\u00e9riau pour mettre ou remettre en \u00e9tat votre all\u00e9e de garage par exemple, envisagez la pose d\u2019un agglom\u00e9rat min\u00e9ral et de r\u00e9sine. Cette solution vous garantira la tranquillit\u00e9 et la durabilit\u00e9 que vous cherchez. Quelle que soit la superficie de la zone \u00e0 couvrir, libre \u00e0 vous de choisir la couleur et les finitions de votre all\u00e9e. Quel que soit votre choix, vous serez s\u00fbr de ne pas subir les d\u00e9sagr\u00e9ments provoqu\u00e9s par des pr\u00e9cipitations abondantes et la stagnation de l&rsquo;eau en surface.<\/p>\n\n\n\n<p>Pour aller plus loin :<\/p>\n\n\n\n<ul class=\"wp-block-list\">\n<li><a href=\"https:\/\/www.resineo.com\/guides\/revetement-resine\/allee-carrossable\/equiper\/\">Pourquoi choisir un rev\u00eatement de sol \u00e0 base de r\u00e9sine pour \u00e9quiper une all\u00e9e carrossable ?<\/a><\/li>\n\n\n\n<li><a href=\"https:\/\/www.resineo.com\/guides\/revetement-resine\/allee-carrossable\/equiper\/piste-cyclable\/\">Rev\u00eatement de sol en r\u00e9sine drainant pour piste cyclable<\/a><\/li>\n\n\n\n<li><a href=\"https:\/\/www.resineo.com\/guides\/revetement-resine\/allee-carrossable\/equiper\/camping\/\">Rev\u00eatement de sol r\u00e9sine pour all\u00e9e carrossable de camping et emplacements <\/a><\/li>\n\n\n\n<li><a href=\"https:\/\/www.resineo.com\/guides\/revetement-resine\/allee-carrossable\/comment-choisir\/\">Comment s&rsquo;assurer de choisir un rev\u00eatement drainant pour son all\u00e9e carrossable ?<\/a><\/li>\n\n\n\n<li><a href=\"https:\/\/www.resineo.com\/guides\/revetement-resine\/allee-carrossable\/gravier\/\">Gravier r\u00e9sine carrossable<\/a><\/li>\n\n\n\n<li><a href=\"https:\/\/www.resineo.com\/guides\/revetement-resine\/allee-carrossable\/travaux\/\">Quels travaux pr\u00e9voir pour le rev\u00eatement d&rsquo;une all\u00e9e carrossable ?<\/a><\/li>\n\n\n\n<li><a href=\"https:\/\/www.resineo.com\/guides\/revetement-resine\/allee-carrossable\/choisir-revetement\/\">Pourquoi choisir un rev\u00eatement \u00e0 base de r\u00e9sine pour une all\u00e9e carrossable ? <\/a><\/li>\n<\/ul>\n","protected":false},"excerpt":{"rendered":"<p>Pour \u00e9quiper son all\u00e9e de garage, son entr\u00e9e ou les abords de sa maison, le choix du bon rev\u00eatement de sol permet d\u2019allier finitions esth\u00e9tiques et robustesse . Pour en savoir plus sur nos rev\u00eatements pour all\u00e9e carrossable : Visitez notre page all\u00e9e carrossable. Pour qui cherche une option plus esth\u00e9tique que l\u2019enrob\u00e9, le b\u00e9ton [&hellip;]<\/p>\n","protected":false},"author":1,"featured_media":0,"parent":22,"menu_order":0,"comment_status":"closed","ping_status":"closed","template":"","meta":{"_acf_changed":false,"_seopress_robots_primary_cat":"","_seopress_titles_title":"","_seopress_titles_desc":"","_seopress_robots_index":"","_uag_custom_page_level_css":"","footnotes":""},"class_list":["post-164","page","type-page","status-publish","hentry","entry"],"acf":[],"uagb_featured_image_src":{"full":false,"thumbnail":false,"medium":false,"medium_large":false,"large":false,"1536x1536":false,"2048x2048":false,"ocean-thumb-m":false,"ocean-thumb-ml":false,"ocean-thumb-l":false},"uagb_author_info":{"display_name":"admin","author_link":"https:\/\/www.resineo.com\/guides\/author\/agoralys\/"},"uagb_comment_info":0,"uagb_excerpt":"Pour \u00e9quiper son all\u00e9e de garage, son entr\u00e9e ou les abords de sa maison, le choix du bon rev\u00eatement de sol permet d\u2019allier finitions esth\u00e9tiques et robustesse . Pour en savoir plus sur nos rev\u00eatements pour all\u00e9e carrossable : Visitez notre page all\u00e9e carrossable. Pour qui cherche une option plus esth\u00e9tique que l\u2019enrob\u00e9, le b\u00e9ton\u2026","_links":{"self":[{"href":"https:\/\/www.resineo.com\/guides\/wp-json\/wp\/v2\/pages\/164","targetHints":{"allow":["GET"]}}],"collection":[{"href":"https:\/\/www.resineo.com\/guides\/wp-json\/wp\/v2\/pages"}],"about":[{"href":"https:\/\/www.resineo.com\/guides\/wp-json\/wp\/v2\/types\/page"}],"author":[{"embeddable":true,"href":"https:\/\/www.resineo.com\/guides\/wp-json\/wp\/v2\/users\/1"}],"replies":[{"embeddable":true,"href":"https:\/\/www.resineo.com\/guides\/wp-json\/wp\/v2\/comments?post=164"}],"version-history":[{"count":2,"href":"https:\/\/www.resineo.com\/guides\/wp-json\/wp\/v2\/pages\/164\/revisions"}],"predecessor-version":[{"id":4123,"href":"https:\/\/www.resineo.com\/guides\/wp-json\/wp\/v2\/pages\/164\/revisions\/4123"}],"up":[{"embeddable":true,"href":"https:\/\/www.resineo.com\/guides\/wp-json\/wp\/v2\/pages\/22"}],"wp:attachment":[{"href":"https:\/\/www.resineo.com\/guides\/wp-json\/wp\/v2\/media?parent=164"}],"curies":[{"name":"wp","href":"https:\/\/api.w.org\/{rel}","templated":true}]}}