{"id":116,"date":"2019-09-06T08:41:12","date_gmt":"2019-09-06T08:41:12","guid":{"rendered":"https:\/\/www.resineo.com\/guides\/?page_id=116"},"modified":"2023-10-16T13:40:28","modified_gmt":"2023-10-16T13:40:28","slug":"terrasse-et-piscine","status":"publish","type":"page","link":"https:\/\/www.resineo.com\/guides\/revetement-resine\/tapis-de-pierre\/terrasse-et-piscine\/","title":{"rendered":"Tapis de pierre pour terrasse et plage de piscine"},"content":{"rendered":"\n<p>A la fois r\u00e9sistant et drainant, un sol en r\u00e9sine de pierre se pr\u00eate parfaitement \u00e0 recouvrir un rev\u00eatement dont l\u2019anciennet\u00e9 met \u00e0 mal l\u2019esth\u00e9tique ext\u00e9rieure d\u2019une maison. Avec le temps, un carrelage peut souffrir d\u2019une exposition prolong\u00e9e aux UV et aux intemp\u00e9ries qui le rendent terne avec des alv\u00e9oles blanches, de m\u00eame qu\u2019un dallage de pierres naturelles peut n\u00e9cessiter la r\u00e9fection des joints et un nettoyage intense afin d\u2019en quitter les parasites v\u00e9g\u00e9taux (mousses et lichens).<\/p>\n\n\n\n<figure class=\"wp-block-image\"><img decoding=\"async\" src=\"https:\/\/www.resineo.com\/guides\/wp-content\/uploads\/sites\/2\/2019\/10\/revetement-exterieur-plage-piscine.jpg\" alt=\"Revetement Exterieur Plage Piscine\"\/><\/figure>\n\n\n\n<p>Pour pallier ces probl\u00e8mes, le <a href=\"https:\/\/www.resineo.com\/guides\/revetement-resine\/tapis-de-pierre\/\" data-type=\"URL\" data-id=\"https:\/\/www.resineo.com\/guides\/revetement-resine\/tapis-de-pierre\/\">tapis de pierre<\/a> est un produit qui peut \u00eatre pos\u00e9 en r\u00e9novation, il permettra un confort d\u2019utilisation, d\u2019entretien et un niveau de finition tr\u00e8s haut de gamme.<\/p>\n\n\n\n<p>Quels sont les avantages d\u2019adopter cette solution pour \u00e9quiper sa terrasse ou sa plage de piscine&nbsp;? Ce type de r\u00e9novation durera-t-il dans le temps&nbsp;?<\/p>\n\n\n\n<h2 class=\"wp-block-heading\">Quelles sont les particularit\u00e9s d\u2019un tapis de marbre ou de quartz&nbsp;?<\/h2>\n\n\n\n<p>Voici les avantages principaux faisant de ce rev\u00eatement un \u00e9quipement de choix pour la r\u00e9novation ou la cr\u00e9ation d\u2019une terrasse ou d\u2019une piscine&nbsp;:&nbsp;<\/p>\n\n\n\n<ul class=\"wp-block-list\">\n<li><b>Agr\u00e9able au toucher<\/b>&nbsp;: Une terrasse, tout comme les abords d\u2019une piscine sont des endroits o\u00f9 l\u2019on \u00e9volue souvent pieds nus. Le rev\u00eatement \u00e9tant lisse, il est confortable.&nbsp;<\/li>\n\n\n\n<li><b>Anti-glissant<\/b>&nbsp;: Le pouvoir drainant de ce produit permet de marcher sans risquer de glisser. M\u00eame en sortant tremp\u00e9 de la piscine, l\u2019anti-glissance garantit la s\u00e9curit\u00e9 des utilisateurs.<\/li>\n\n\n\n<li><b>Son tr\u00e8s grand pouvoir drainant<\/b>&nbsp;: En cas de pluie ou de grosses \u00e9claboussures dues \u00e0 la piscine, la surface du sol s\u00e8che tr\u00e8s rapidement. La porosit\u00e9 du granulat min\u00e9ral alli\u00e9 \u00e0 la protection de la r\u00e9sine \u00e0 base de polyur\u00e9thane permet de drainer l\u2019eau tr\u00e8s rapidement.<\/li>\n\n\n\n<li><b>Facilit\u00e9 d\u2019entretien&nbsp;<\/b>: Il n\u2019est pas n\u00e9cessaire d\u2019assurer un nettoyage r\u00e9p\u00e9t\u00e9 pour maintenir sa plage de piscine ou sa terrasse propre. Un nettoyage au jet d\u2019eau haute pression deux fois par an suffit \u00e0 maintenir l\u2019ensemble propre et \u00e0 pr\u00e9server l\u2019\u00e9tat des couleurs.<\/li>\n\n\n\n<li><b>Protection anti-UV<\/b>&nbsp;: La r\u00e9sine contenant du polyur\u00e9thane associ\u00e9e au granulats min\u00e9raux garantit la long\u00e9vit\u00e9 des couleurs du rev\u00eatement.&nbsp;<\/li>\n\n\n\n<li><b>Durabilit\u00e9\u00a0<\/b>: <a href=\"https:\/\/www.resineo.com\/moquette-de-pierre\/\">Un tapis ou une moquette de pierre<\/a> est un rev\u00eatement tr\u00e8s r\u00e9sistant, pens\u00e9 pour durer une trentaine d\u2019ann\u00e9es sans avoir \u00e0 y retoucher.<\/li>\n<\/ul>\n\n\n\n<figure class=\"wp-block-image\"><img decoding=\"async\" src=\"https:\/\/www.resineo.com\/guides\/wp-content\/uploads\/sites\/2\/2019\/10\/revetement-esthetique-piscine.jpg\" alt=\"Revetement Esthetique Piscine\"\/><\/figure>\n\n\n\n<h2 class=\"wp-block-heading\">Sur quel support doit \u00eatre pos\u00e9 un tapis de pierre&nbsp;?<\/h2>\n\n\n\n<p>Si vous avez pour projet d\u2019entamer une r\u00e9novation de terrasse ou d\u2019un tour de piscine en carrelage, le tapis de pierre pourra \u00eatre utilis\u00e9 pour recouvrir votre ancien rev\u00eatement.<\/p>\n\n\n\n<p>A condition que la qualification et la pr\u00e9paration du support soient faites correctement notamment avec l&rsquo;application d\u2019une r\u00e9sine \u00e9poxy qui garantira l\u2019accrochage du nouveau rev\u00eatement, la r\u00e9alisation d\u2019une couverture \u00e0 l\u2019aide d\u2019un granulat de marbre ou de quartz sera parfaitement envisageable. Toutefois, ces travaux demandent une pr\u00e9paration particuli\u00e8re afin que l\u2019int\u00e9grit\u00e9 et la r\u00e9sistance de l\u2019ensemble soit garantie&nbsp;:&nbsp;<\/p>\n\n\n\n<ul class=\"wp-block-list\">\n<li>V\u00e9rification que votre ancien rev\u00eatement est assez sain pour accueillir le tapis de pierre<\/li>\n<\/ul>\n\n\n\n<ul class=\"wp-block-list\">\n<li>Pr\u00e9paration du carrelage en y appliquant une couche de r\u00e9sine \u00e9poxy, au rouleau.<\/li>\n\n\n\n<li>Mise en place de r\u00e9glettes qui permettront de d\u00e9limiter l\u2019espace \u00e9quip\u00e9 et d\u2019assurer les finitions.<\/li>\n\n\n\n<li>Pose et lissage du granulat m\u00eal\u00e9 \u00e0 la r\u00e9sine polyur\u00e9thane.<\/li>\n<\/ul>\n\n\n\n<p>Ce rev\u00eatement de sol peut \u00e9galement \u00eatre install\u00e9 sur une dalle de b\u00e9ton. Les op\u00e9rations de pose ne diff\u00e8reront pas. Seule la phase de r\u00e9paration du support peut demander un ragr\u00e9age de la dalle pour en r\u00e9parer les fissures. Une pente d&rsquo;au moins 2% est n\u00e9cessaire \u00e0 l&rsquo;\u00e9vacuation de l&rsquo;eau.&nbsp;<\/p>\n\n\n\n<p>La r\u00e9sine de pierre peut \u00e9galement \u00eatre pos\u00e9e sur du gravier compact\u00e9 (GNT), mais cette option est plus souvent envisag\u00e9e pour \u00e9quiper une all\u00e9e de jardin ou de garage.<\/p>\n\n\n\n<p>Les sols ainsi \u00e9quip\u00e9s garantiront le confort des occupants, tout en ajoutant une finition et une homog\u00e9n\u00e9it\u00e9 esth\u00e9tique \u00e0 l\u2019ensemble.<\/p>\n\n\n\n<p><b>A noter<\/b>&nbsp;: <i>L\u2019int\u00e9gration de luminaires ou de spots au sol est parfaitement envisageable. Il suffit de d\u00e9finir les positions en amont, pour que l\u2019entreprise en charge du chantier les place directement lors de la pose. Il sera \u00e9galement possible d\u2019int\u00e9grer des motifs, qui eux aussi seront r\u00e9alis\u00e9s durant la pose.<\/i><\/p>\n\n\n\n<figure class=\"wp-block-image\"><img decoding=\"async\" src=\"https:\/\/www.resineo.com\/guides\/wp-content\/uploads\/sites\/2\/2019\/10\/sol-resineo-terrasse-restaurant.jpg\" alt=\"Sol Resineo Terrasse Restaurant\"\/><\/figure>\n\n\n\n<h2 class=\"wp-block-heading\">Conclusion<\/h2>\n\n\n\n<p>Pens\u00e9s pour \u00e9quiper terrasses et piscines, ces rev\u00eatements de sol sont aussi efficaces qu\u2019esth\u00e9tiques. Ils garantissent la s\u00e9curit\u00e9 des utilisateurs, tout en rehaussant la d\u00e9coration des lieux \u00e9quip\u00e9s.&nbsp;<\/p>\n\n\n\n<p>Ce rev\u00eatement haut de gamme est disponible en diff\u00e9rentes couleurs, permettant ainsi de s\u2019int\u00e9grer parfaitement \u00e0 l\u2019environnement des lieux \u00e9quip\u00e9s.<\/p>\n\n\n\n<p>Tapis et moquette de pierre \u00e9tant r\u00e9sistants aux intemp\u00e9ries et aux UV, ils permettront de s\u2019\u00e9quiper de fa\u00e7on durable. De plus, la facilit\u00e9 avec laquelle on assure leur nettoyage repr\u00e9sente un v\u00e9ritable confort quant \u00e0 l\u2019entretien des parties ext\u00e9rieures de la maison.&nbsp;<\/p>\n\n\n\n<p>Un autre point important tient dans l\u2019aspect inerte de ces produits. Contrairement \u00e0 d\u2019autres mat\u00e9riaux pouvant entra\u00eener la lib\u00e9ration de particules chimiques lorsqu\u2019ils sont expos\u00e9s \u00e0 de fortes chaleurs (par exemple les enrob\u00e9s), les r\u00e9sines de marbre et de quartz n\u2019occasionnent aucune \u00e9manation de produits chimiques. Ainsi, l\u2019eau qui transite au travers de leur structure est restitu\u00e9e au sol, sans supposer de contamination.&nbsp;<\/p>\n\n\n\n<p>Souvenez-vous simplement qu\u2019il est pr\u00e9f\u00e9rable de confier la pose \u00e0 une entreprise qualifi\u00e9e pour ce type de chantiers. Vous pourrez ainsi profiter de votre ext\u00e9rieur en toute s\u00e9curit\u00e9, en ayant l\u2019assurance que votre tapis de pierre est r\u00e9alis\u00e9 dans les r\u00e8gles de l\u2019art.<\/p>\n\n\n\n<ul class=\"wp-block-list\">\n<li><a href=\"https:\/\/www.resineo.com\/guides\/revetement-resine\/tapis-de-pierre\/fabrication\/\">Fabrication d&rsquo;un tapis de pierre<\/a><\/li>\n\n\n\n<li><a href=\"https:\/\/www.resineo.com\/guides\/revetement-resine\/tapis-de-pierre\/pierre-a-utiliser\/\">Type de pierre \u00e0 utiliser pour un tapis de pierre<\/a><\/li>\n\n\n\n<li><a href=\"https:\/\/www.resineo.com\/guides\/revetement-resine\/tapis-de-pierre\/tapis-de-marbre\/\">Tapis de marbre<\/a><\/li>\n<\/ul>\n","protected":false},"excerpt":{"rendered":"<p>A la fois r\u00e9sistant et drainant, un sol en r\u00e9sine de pierre se pr\u00eate parfaitement \u00e0 recouvrir un rev\u00eatement dont l\u2019anciennet\u00e9 met \u00e0 mal l\u2019esth\u00e9tique ext\u00e9rieure d\u2019une maison. Avec le temps, un carrelage peut souffrir d\u2019une exposition prolong\u00e9e aux UV et aux intemp\u00e9ries qui le rendent terne avec des alv\u00e9oles blanches, de m\u00eame qu\u2019un dallage [&hellip;]<\/p>\n","protected":false},"author":1,"featured_media":0,"parent":113,"menu_order":0,"comment_status":"closed","ping_status":"closed","template":"","meta":{"_acf_changed":false,"_seopress_robots_primary_cat":"","_seopress_titles_title":"","_seopress_titles_desc":"","_seopress_robots_index":"","_uag_custom_page_level_css":"","footnotes":""},"class_list":["post-116","page","type-page","status-publish","hentry","entry"],"acf":[],"uagb_featured_image_src":{"full":false,"thumbnail":false,"medium":false,"medium_large":false,"large":false,"1536x1536":false,"2048x2048":false,"ocean-thumb-m":false,"ocean-thumb-ml":false,"ocean-thumb-l":false},"uagb_author_info":{"display_name":"admin","author_link":"https:\/\/www.resineo.com\/guides\/author\/agoralys\/"},"uagb_comment_info":0,"uagb_excerpt":"A la fois r\u00e9sistant et drainant, un sol en r\u00e9sine de pierre se pr\u00eate parfaitement \u00e0 recouvrir un rev\u00eatement dont l\u2019anciennet\u00e9 met \u00e0 mal l\u2019esth\u00e9tique ext\u00e9rieure d\u2019une maison. Avec le temps, un carrelage peut souffrir d\u2019une exposition prolong\u00e9e aux UV et aux intemp\u00e9ries qui le rendent terne avec des alv\u00e9oles blanches, de m\u00eame qu\u2019un dallage\u2026","_links":{"self":[{"href":"https:\/\/www.resineo.com\/guides\/wp-json\/wp\/v2\/pages\/116","targetHints":{"allow":["GET"]}}],"collection":[{"href":"https:\/\/www.resineo.com\/guides\/wp-json\/wp\/v2\/pages"}],"about":[{"href":"https:\/\/www.resineo.com\/guides\/wp-json\/wp\/v2\/types\/page"}],"author":[{"embeddable":true,"href":"https:\/\/www.resineo.com\/guides\/wp-json\/wp\/v2\/users\/1"}],"replies":[{"embeddable":true,"href":"https:\/\/www.resineo.com\/guides\/wp-json\/wp\/v2\/comments?post=116"}],"version-history":[{"count":2,"href":"https:\/\/www.resineo.com\/guides\/wp-json\/wp\/v2\/pages\/116\/revisions"}],"predecessor-version":[{"id":3798,"href":"https:\/\/www.resineo.com\/guides\/wp-json\/wp\/v2\/pages\/116\/revisions\/3798"}],"up":[{"embeddable":true,"href":"https:\/\/www.resineo.com\/guides\/wp-json\/wp\/v2\/pages\/113"}],"wp:attachment":[{"href":"https:\/\/www.resineo.com\/guides\/wp-json\/wp\/v2\/media?parent=116"}],"curies":[{"name":"wp","href":"https:\/\/api.w.org\/{rel}","templated":true}]}}